{"id":317,"date":"2026-02-25T07:16:26","date_gmt":"2026-02-25T07:16:26","guid":{"rendered":"https:\/\/oip.com.ar\/?page_id=317"},"modified":"2026-03-12T18:44:55","modified_gmt":"2026-03-12T18:44:55","slug":"equipo","status":"publish","type":"page","link":"https:\/\/oip.com.ar\/en\/equipo\/","title":{"rendered":"Team"},"content":{"rendered":"<p>[et_pb_section fb_built=\u00bb1&#8243; _builder_version=\u00bb4.23.1&#8243; _module_preset=\u00bbdefault\u00bb background_color=\u00bbrgba(0,148,147,0.06)\u00bb custom_padding=\u00bb55px||55px||true|\u00bb hover_enabled=\u00bb0&#8243; global_colors_info=\u00bb{}\u00bb custom_padding_last_edited=\u00bbon|phone\u00bb custom_padding_phone=\u00bb0px||55px||false|false\u00bb sticky_enabled=\u00bb0&#8243; custom_padding_tablet=\u00bb55px||55px||true|\u00bb][et_pb_row column_structure=\u00bb1_2,1_2&#8243; _builder_version=\u00bb4.23.1&#8243; _module_preset=\u00bbdefault\u00bb width=\u00bb90%\u00bb max_width=\u00bb1200px\u00bb global_colors_info=\u00bb{}\u00bb][et_pb_column type=\u00bb1_2&#8243; _builder_version=\u00bb4.23.1&#8243; _module_preset=\u00bbdefault\u00bb global_colors_info=\u00bb{}\u00bb][et_pb_image src=\u00bbhttps:\/\/oip.com.ar\/wp-content\/uploads\/2026\/02\/Untitled-design-2.jpg\u00bb title_text=\u00bbUntitled design (2)\u00bb _builder_version=\u00bb4.23.1&#8243; _module_preset=\u00bbdefault\u00bb sticky_position=\u00bbtop\u00bb sticky_offset_top=\u00bb37px\u00bb sticky_limit_bottom=\u00bbrow\u00bb hover_enabled=\u00bb0&#8243; border_radii=\u00bbon|9px|9px|9px|9px\u00bb global_colors_info=\u00bb{}\u00bb sticky_position_last_edited=\u00bbon|phone\u00bb sticky_position_phone=\u00bbnone\u00bb sticky_enabled=\u00bb0&#8243; sticky_position_tablet=\u00bbtop\u00bb][\/et_pb_image][\/et_pb_column][et_pb_column type=\u00bb1_2&#8243; _builder_version=\u00bb4.23.1&#8243; _module_preset=\u00bbdefault\u00bb global_colors_info=\u00bb{}\u00bb][et_pb_text _builder_version=\u00bb4.23.1&#8243; _module_preset=\u00bbdefault\u00bb text_font=\u00bbLato|700|||||||\u00bb text_text_color=\u00bb#002A3E\u00bb text_font_size=\u00bb42px\u00bb text_line_height=\u00bb1.2em\u00bb custom_margin=\u00bb||13px|||\u00bb hover_enabled=\u00bb0&#8243; global_colors_info=\u00bb{}\u00bb text_font_size_last_edited=\u00bbon|phone\u00bb text_font_size_phone=\u00bb30px\u00bb sticky_enabled=\u00bb0&#8243; text_font_size_tablet=\u00bb42px\u00bb]<\/p>\n<p>\u00a1Hola a todos!<br \/>Mi nombre es Nicolas Polisky<\/p>\n<p>[\/et_pb_text][et_pb_text _builder_version=\u00bb4.23.1&#8243; _module_preset=\u00bbdefault\u00bb text_text_color=\u00bbrgba(0,0,0,0.73)\u00bb text_font_size=\u00bb17px\u00bb text_line_height=\u00bb1.9em\u00bb custom_margin=\u00bb||23px|||\u00bb hover_enabled=\u00bb0&#8243; global_colors_info=\u00bb{}\u00bb text_font_size_last_edited=\u00bbon|phone\u00bb text_font_size_phone=\u00bb18px\u00bb text_line_height_last_edited=\u00bbon|phone\u00bb text_line_height_phone=\u00bb1.7em\u00bb sticky_enabled=\u00bb0&#8243; text_font_size_tablet=\u00bb17px\u00bb text_line_height_tablet=\u00bb1.9em\u00bb]<\/p>\n<p>Nac\u00ed en Buenos Aires en 1983. Hice la escuela primaria en el Buenos Aires English High School y la escuela secundaria en el Colegio Nacional de Buenos Aires. Desde chico quise ser m\u00e9dico y cuando iba a las guardias con Gustavo Polisky, cirujano pl\u00e1stico (mi pap\u00e1), quer\u00eda entrar al quir\u00f3fano, ver pacientes y aprender de \u00e9l.<\/p>\n<p>Estudi\u00e9 Medicina en la UBA e hice mi formaci\u00f3n como oftalm\u00f3logo en el Hospital Oftalmol\u00f3gico P. Lagleyze de CABA del 2010 al 2015. Luego de terminar la residencia estuve del 2015 al 2020 como instructor quir\u00fargico de Residentes en cirug\u00eda de Catarata y de Cirug\u00eda Pl\u00e1stica Ocular adem\u00e1s de completar el Fellow Bianual en el Servicio de Oculopl\u00e1stica del Hospital junto con el Dr Hugo Altamirano y la Dra Monica Bolatti para luego quedar como m\u00e9dico y cirujano del Servicio.<\/p>\n<p>Me form\u00e9 en el Instituto de la Visi\u00f3n junto al Dr Tomas Jaeschke en Cirug\u00eda Refractiva L\u00e1ser (2015 al 2020) analizando y operando casos complejos (queratoconos, transplantes de c\u00f3rnea, etc). Hoy por hoy con mi pap\u00e1 seguimos compartiendo casos de pacientes e incluso operando juntos en quir\u00f3fano.<\/p>\n<p>Coordino los grupos m\u00e9dicos de mis consultorios en Belgrano y en Haedo, adem\u00e1s de ser el Jefe de Servicio de Oftalmolog\u00eda y Cirujano Oftalmologo de la Cl\u00ednica DIM en Ramos Mejia\/Moron y de la Cl\u00ednica de Planificaci\u00f3n Familiar en Merlo. Desde el 2022 soy Perito Oftalmologo del Poder Judicial y desde el 2025 soy gerente del Centro de Cirug\u00eda Ocular en Avellaneda.<\/p>\n<p>Hablo Ingl\u00e9s (Nivel C2 Avanzado), Franc\u00e9s (Nivel B2 Alto) y Alem\u00e1n (Nivel A2 Intermedio).<\/p>\n<p>[\/et_pb_text][\/et_pb_column][\/et_pb_row][\/et_pb_section][et_pb_section fb_built=\u00bb1&#8243; _builder_version=\u00bb4.23.1&#8243; _module_preset=\u00bbdefault\u00bb background_enable_color=\u00bboff\u00bb custom_padding=\u00bb||1px|||\u00bb global_colors_info=\u00bb{}\u00bb][et_pb_row _builder_version=\u00bb4.23.1&#8243; _module_preset=\u00bbdefault\u00bb width=\u00bb90%\u00bb max_width=\u00bb1200px\u00bb custom_padding=\u00bb0px|||||\u00bb locked=\u00bboff\u00bb global_colors_info=\u00bb{}\u00bb][et_pb_column type=\u00bb4_4&#8243; _builder_version=\u00bb4.23.1&#8243; _module_preset=\u00bbdefault\u00bb global_colors_info=\u00bb{}\u00bb][et_pb_text _builder_version=\u00bb4.23.1&#8243; _module_preset=\u00bbdefault\u00bb text_font=\u00bbLato|700|||||||\u00bb text_text_color=\u00bb#002A3E\u00bb text_font_size=\u00bb42px\u00bb text_line_height=\u00bb1.2em\u00bb text_orientation=\u00bbcenter\u00bb custom_margin=\u00bb||13px|||\u00bb hover_enabled=\u00bb0&#8243; locked=\u00bboff\u00bb global_colors_info=\u00bb{}\u00bb text_font_size_last_edited=\u00bbon|phone\u00bb text_font_size_phone=\u00bb30px\u00bb sticky_enabled=\u00bb0&#8243; text_font_size_tablet=\u00bb42px\u00bb]<\/p>\n<p>Equipo M\u00e9dico<\/p>\n<p>[\/et_pb_text][et_pb_text _builder_version=\u00bb4.23.1&#8243; _module_preset=\u00bbdefault\u00bb text_font=\u00bb||||||||\u00bb text_text_color=\u00bbRGBA(0,0,0,0.73)\u00bb text_font_size=\u00bb18px\u00bb text_line_height=\u00bb1.5em\u00bb text_orientation=\u00bbcenter\u00bb width=\u00bb94%\u00bb module_alignment=\u00bbcenter\u00bb hover_enabled=\u00bb0&#8243; locked=\u00bboff\u00bb global_colors_info=\u00bb{}\u00bb sticky_enabled=\u00bb0&#8243;]<\/p>\n<p>Somos un equipo de m\u00e9dicos <strong>j\u00f3venes con una robusta formaci\u00f3n acad\u00e9mica y con un gran sentido de la empat\u00eda.<\/strong> Nuestra excelencia se sustenta en la calidad de nuestro equipo de profesionales para brindar una atenci\u00f3n personalizada y en la permanente b\u00fasqueda de las <strong>t\u00e9cnicas quir\u00fargicas de vanguardia<\/strong>que permitan la m\u00e1s r\u00e1pida y eficiente recuperaci\u00f3n.<\/p>\n<p>[\/et_pb_text][\/et_pb_column][\/et_pb_row][et_pb_row _builder_version=\u00bb4.23.1&#8243; _module_preset=\u00bbdefault\u00bb width=\u00bb90%\u00bb max_width=\u00bb1200px\u00bb global_colors_info=\u00bb{}\u00bb][et_pb_column type=\u00bb4_4&#8243; _builder_version=\u00bb4.23.1&#8243; _module_preset=\u00bbdefault\u00bb global_colors_info=\u00bb{}\u00bb][dsm_card_carousel slide_to_show=\u00bb4&#8243; slide_to_scroll=\u00bb2&#8243; speed=\u00bb1500&#8243; autoplay_speed=\u00bb1500&#8243; pause_on_hover=\u00bbon\u00bb arrow_color=\u00bb#002A3E\u00bb dots_active_color=\u00bb#009493&#8243; badge_background_color=\u00bb#009493&#8243; _builder_version=\u00bb4.23.1&#8243; _module_preset=\u00bbdefault\u00bb badge_text_color=\u00bb#FFFFFF\u00bb global_colors_info=\u00bb{}\u00bb][dsm_card_carousel_child image=\u00bbhttps:\/\/oip.com.ar\/wp-content\/uploads\/2026\/02\/1.jpg\u00bb image_as_background=\u00bboff\u00bb badge_text=\u00bbVictoria Sadir\u00bb button_url_new_window=\u00bb1&#8243; _builder_version=\u00bb4.23.1&#8243; _module_preset=\u00bbdefault\u00bb global_colors_info=\u00bb{}\u00bb parent_button=\u00bboff\u00bb parent_header_level=\u00bbh4&#8243;][\/dsm_card_carousel_child][dsm_card_carousel_child image=\u00bbhttps:\/\/oip.com.ar\/wp-content\/uploads\/2026\/02\/3.jpg\u00bb image_as_background=\u00bboff\u00bb badge_text=\u00bbNicolas Polisky\u00bb button_url_new_window=\u00bb1&#8243; _builder_version=\u00bb4.23.1&#8243; _module_preset=\u00bbdefault\u00bb global_colors_info=\u00bb{}\u00bb parent_button=\u00bboff\u00bb parent_header_level=\u00bbh4&#8243;][\/dsm_card_carousel_child][dsm_card_carousel_child image=\u00bbhttps:\/\/oip.com.ar\/wp-content\/uploads\/2026\/02\/4.jpg\u00bb image_as_background=\u00bboff\u00bb badge_text=\u00bbMariana Puertas\u00bb button_url_new_window=\u00bb1&#8243; _builder_version=\u00bb4.23.1&#8243; _module_preset=\u00bbdefault\u00bb global_colors_info=\u00bb{}\u00bb parent_button=\u00bboff\u00bb parent_header_level=\u00bbh4&#8243;][\/dsm_card_carousel_child][dsm_card_carousel_child image=\u00bbhttps:\/\/oip.com.ar\/wp-content\/uploads\/2026\/02\/5.jpg\u00bb image_as_background=\u00bboff\u00bb badge_text=\u00bbYenny Murica\u00bb button_url_new_window=\u00bb1&#8243; _builder_version=\u00bb4.23.1&#8243; _module_preset=\u00bbdefault\u00bb global_colors_info=\u00bb{}\u00bb parent_button=\u00bboff\u00bb parent_header_level=\u00bbh4&#8243;][\/dsm_card_carousel_child][dsm_card_carousel_child image=\u00bbhttps:\/\/oip.com.ar\/wp-content\/uploads\/2026\/02\/6.jpg\u00bb image_as_background=\u00bboff\u00bb badge_text=\u00bbSalome Marquez\u00bb button_url_new_window=\u00bb1&#8243; _builder_version=\u00bb4.23.1&#8243; _module_preset=\u00bbdefault\u00bb global_colors_info=\u00bb{}\u00bb parent_button=\u00bboff\u00bb parent_header_level=\u00bbh4&#8243;][\/dsm_card_carousel_child][dsm_card_carousel_child image=\u00bbhttps:\/\/oip.com.ar\/wp-content\/uploads\/2026\/02\/7.jpg\u00bb image_as_background=\u00bboff\u00bb badge_text=\u00bbLola Dawidowicz\u00bb button_url_new_window=\u00bb1&#8243; _builder_version=\u00bb4.23.1&#8243; _module_preset=\u00bbdefault\u00bb global_colors_info=\u00bb{}\u00bb parent_button=\u00bboff\u00bb parent_header_level=\u00bbh4&#8243;][\/dsm_card_carousel_child][dsm_card_carousel_child image=\u00bbhttps:\/\/oip.com.ar\/wp-content\/uploads\/2026\/02\/8.jpg\u00bb image_as_background=\u00bboff\u00bb badge_text=\u00bbMagal\u00ed Cardi\u00bb button_url_new_window=\u00bb1&#8243; _builder_version=\u00bb4.23.1&#8243; _module_preset=\u00bbdefault\u00bb global_colors_info=\u00bb{}\u00bb parent_button=\u00bboff\u00bb parent_header_level=\u00bbh4&#8243;][\/dsm_card_carousel_child][dsm_card_carousel_child image=\u00bbhttps:\/\/oip.com.ar\/wp-content\/uploads\/2026\/02\/9.jpg\u00bb image_as_background=\u00bboff\u00bb badge_text=\u00bbAgustina Mateo\u00bb button_url_new_window=\u00bb1&#8243; _builder_version=\u00bb4.23.1&#8243; _module_preset=\u00bbdefault\u00bb global_colors_info=\u00bb{}\u00bb parent_button=\u00bboff\u00bb parent_header_level=\u00bbh4&#8243;][\/dsm_card_carousel_child][dsm_card_carousel_child image=\u00bbhttps:\/\/oip.com.ar\/wp-content\/uploads\/2026\/02\/10.jpg\u00bb image_as_background=\u00bboff\u00bb badge_text=\u00bbCamila Sacks\u00bb button_url_new_window=\u00bb1&#8243; _builder_version=\u00bb4.23.1&#8243; _module_preset=\u00bbdefault\u00bb global_colors_info=\u00bb{}\u00bb parent_button=\u00bboff\u00bb parent_header_level=\u00bbh4&#8243;][\/dsm_card_carousel_child][\/dsm_card_carousel][\/et_pb_column][\/et_pb_row][\/et_pb_section][et_pb_section fb_built=\u00bb1&#8243; _builder_version=\u00bb4.23.1&#8243; _module_preset=\u00bbdefault\u00bb background_color=\u00bb#009493&#8243; custom_padding=\u00bb40px||40px||true|false\u00bb global_colors_info=\u00bb{}\u00bb][et_pb_row _builder_version=\u00bb4.23.1&#8243; _module_preset=\u00bbdefault\u00bb global_colors_info=\u00bb{}\u00bb][et_pb_column type=\u00bb4_4&#8243; _builder_version=\u00bb4.23.1&#8243; _module_preset=\u00bbdefault\u00bb global_colors_info=\u00bb{}\u00bb][et_pb_text _builder_version=\u00bb4.23.1&#8243; _module_preset=\u00bbdefault\u00bb text_font=\u00bbLato||||||||\u00bb text_text_color=\u00bb#FFFFFF\u00bb text_font_size=\u00bb37px\u00bb text_line_height=\u00bb1.2em\u00bb text_orientation=\u00bbcenter\u00bb custom_margin=\u00bb||13px|||\u00bb hover_enabled=\u00bb0&#8243; locked=\u00bboff\u00bb global_colors_info=\u00bb{}\u00bb text_font_size_last_edited=\u00bbon|phone\u00bb text_font_size_phone=\u00bb28px\u00bb sticky_enabled=\u00bb0&#8243; text_font_size_tablet=\u00bb37px\u00bb]<\/p>\n<p><span style=\"text-decoration: underline;\"><em>Nuestra misi\u00f3n<\/em><\/span> es poder estar cerca tuyo de manera r\u00e1pida y eficaz con la mayor calidad humana y m\u00e9dica posible.<\/p>\n<p>[\/et_pb_text][\/et_pb_column][\/et_pb_row][\/et_pb_section][et_pb_section fb_built=\u00bb1&#8243; _builder_version=\u00bb4.23.1&#8243; _module_preset=\u00bbdefault\u00bb custom_padding=\u00bb||0px|||\u00bb global_module=\u00bb353&#8243; global_colors_info=\u00bb{}\u00bb][et_pb_row _builder_version=\u00bb4.23.1&#8243; _module_preset=\u00bbdefault\u00bb width=\u00bb90%\u00bb max_width=\u00bb1200px\u00bb custom_padding=\u00bb0px|||||\u00bb locked=\u00bboff\u00bb global_colors_info=\u00bb{}\u00bb][et_pb_column type=\u00bb4_4&#8243; _builder_version=\u00bb4.23.1&#8243; _module_preset=\u00bbdefault\u00bb global_colors_info=\u00bb{}\u00bb][et_pb_text _builder_version=\u00bb4.23.1&#8243; _module_preset=\u00bbdefault\u00bb text_font=\u00bbLato|700|||||||\u00bb text_text_color=\u00bb#002A3E\u00bb text_font_size=\u00bb42px\u00bb text_line_height=\u00bb1.2em\u00bb text_orientation=\u00bbcenter\u00bb custom_margin=\u00bb||13px|||\u00bb text_font_size_tablet=\u00bb\u00bb text_font_size_phone=\u00bb30px\u00bb text_font_size_last_edited=\u00bbon|phone\u00bb locked=\u00bboff\u00bb global_colors_info=\u00bb{}\u00bb]<\/p>\n<p>Tu visi\u00f3n merece una atenci\u00f3n de calidad<\/p>\n<p>[\/et_pb_text][et_pb_text _builder_version=\u00bb4.23.1&#8243; _module_preset=\u00bbdefault\u00bb text_font=\u00bb||||||||\u00bb text_text_color=\u00bbRGBA(0,0,0,0.73)\u00bb text_font_size=\u00bb20px\u00bb text_line_height=\u00bb1.3em\u00bb text_orientation=\u00bbcenter\u00bb width=\u00bb71%\u00bb width_tablet=\u00bb\u00bb width_phone=\u00bb100%\u00bb width_last_edited=\u00bbon|phone\u00bb module_alignment=\u00bbcenter\u00bb locked=\u00bboff\u00bb global_colors_info=\u00bb{}\u00bb]<\/p>\n<p>Estamos para acompa\u00f1arte en cada etapa del cuidado de tu salud visual<\/p>\n<p>[\/et_pb_text][et_pb_button button_url=\u00bbhttps:\/\/wa.me\/+5491168892046&#8243; button_text=\u00bbSOLICIT\u00c1 UN TURNO AQU\u00cd\u00bb button_alignment=\u00bbcenter\u00bb _builder_version=\u00bb4.23.1&#8243; _module_preset=\u00bbdefault\u00bb custom_button=\u00bbon\u00bb button_text_size=\u00bb15px\u00bb button_text_color=\u00bb#FFFFFF\u00bb button_bg_color=\u00bb#009493&#8243; button_border_width=\u00bb6px\u00bb button_border_color=\u00bb#009493&#8243; button_border_radius=\u00bb4px\u00bb button_font=\u00bbLato|700|||||||\u00bb button_icon_color=\u00bb#FFFFFF\u00bb custom_css_main_element=\u00bbtext-decoration:none;\u00bb locked=\u00bboff\u00bb global_colors_info=\u00bb{}\u00bb][\/et_pb_button][\/et_pb_column][\/et_pb_row][et_pb_row _builder_version=\u00bb4.23.1&#8243; _module_preset=\u00bbdefault\u00bb width=\u00bb95%\u00bb max_width=\u00bb100%\u00bb custom_padding=\u00bb||0px||false|false\u00bb global_colors_info=\u00bb{}\u00bb][et_pb_column type=\u00bb4_4&#8243; _builder_version=\u00bb4.23.1&#8243; _module_preset=\u00bbdefault\u00bb global_colors_info=\u00bb{}\u00bb][dsm_image_carousel gallery_ids=\u00bb126,127,128,129,130,131,132,133,134,135,458,459,460,461,462,463&#8243; slide_to_show=\u00bb6&#8243; slide_to_scroll=\u00bb3&#8243; speed=\u00bb1200&#8243; autoplay_speed=\u00bb1000&#8243; pause_on_hover=\u00bbon\u00bb arrows=\u00bboff\u00bb dots=\u00bboff\u00bb slide_to_show_tablet=\u00bb\u00bb slide_to_show_phone=\u00bb3&#8243; slide_to_show_last_edited=\u00bbon|phone\u00bb slide_to_scroll_tablet=\u00bb\u00bb slide_to_scroll_phone=\u00bb\u00bb slide_to_scroll_last_edited=\u00bbon|phone\u00bb _builder_version=\u00bb4.23.1&#8243; _module_preset=\u00bbdefault\u00bb child_filter_saturate=\u00bb0%\u00bb child_filter_opacity=\u00bb58%\u00bb global_colors_info=\u00bb{}\u00bb][\/dsm_image_carousel][\/et_pb_column][\/et_pb_row][\/et_pb_section]<\/p>\n","protected":false},"excerpt":{"rendered":"<p>\u00a1Hola a todos!Mi nombre es Nicolas PoliskyNac\u00ed en Buenos Aires en 1983. Hice la escuela primaria en el Buenos Aires English High School y la escuela secundaria en el Colegio Nacional de Buenos Aires. Desde chico quise ser m\u00e9dico y cuando iba a las guardias con Gustavo Polisky, cirujano pl\u00e1stico (mi pap\u00e1), quer\u00eda entrar al [&hellip;]<\/p>\n","protected":false},"author":1,"featured_media":0,"parent":0,"menu_order":0,"comment_status":"closed","ping_status":"closed","template":"","meta":{"_et_pb_use_builder":"on","_et_pb_old_content":"","_et_gb_content_width":"","_joinchat":[],"footnotes":""},"class_list":["post-317","page","type-page","status-publish","hentry"],"_links":{"self":[{"href":"https:\/\/oip.com.ar\/en\/wp-json\/wp\/v2\/pages\/317","targetHints":{"allow":["GET"]}}],"collection":[{"href":"https:\/\/oip.com.ar\/en\/wp-json\/wp\/v2\/pages"}],"about":[{"href":"https:\/\/oip.com.ar\/en\/wp-json\/wp\/v2\/types\/page"}],"author":[{"embeddable":true,"href":"https:\/\/oip.com.ar\/en\/wp-json\/wp\/v2\/users\/1"}],"replies":[{"embeddable":true,"href":"https:\/\/oip.com.ar\/en\/wp-json\/wp\/v2\/comments?post=317"}],"version-history":[{"count":8,"href":"https:\/\/oip.com.ar\/en\/wp-json\/wp\/v2\/pages\/317\/revisions"}],"predecessor-version":[{"id":487,"href":"https:\/\/oip.com.ar\/en\/wp-json\/wp\/v2\/pages\/317\/revisions\/487"}],"wp:attachment":[{"href":"https:\/\/oip.com.ar\/en\/wp-json\/wp\/v2\/media?parent=317"}],"curies":[{"name":"wp","href":"https:\/\/api.w.org\/{rel}","templated":true}]}}