{"id":397,"date":"2026-03-12T16:48:20","date_gmt":"2026-03-12T16:48:20","guid":{"rendered":"https:\/\/oip.com.ar\/?page_id=397"},"modified":"2026-04-04T23:28:17","modified_gmt":"2026-04-04T23:28:17","slug":"oftalmopatia-distiroidea","status":"publish","type":"page","link":"https:\/\/oip.com.ar\/en\/especialidades\/oftalmopatia-distiroidea\/","title":{"rendered":"Thyroid Eye Disease"},"content":{"rendered":"<p>[et_pb_section fb_built=\u00bb1&#8243; custom_padding_last_edited=\u00bbon|phone\u00bb _builder_version=\u00bb4.23.1&#8243; _module_preset=\u00bbdefault\u00bb background_color=\u00bbrgba(0,148,147,0.06)\u00bb custom_padding=\u00bb57px||58px||false|false\u00bb custom_padding_tablet=\u00bb57px||58px||false|false\u00bb custom_padding_phone=\u00bb0px||||false|false\u00bb global_colors_info=\u00bb{}\u00bb][et_pb_row column_structure=\u00bb1_2,1_2&#8243; _builder_version=\u00bb4.23.1&#8243; _module_preset=\u00bbdefault\u00bb width=\u00bb90%\u00bb max_width=\u00bb1200px\u00bb custom_padding=\u00bb||0px|||\u00bb global_colors_info=\u00bb{}\u00bb][et_pb_column type=\u00bb1_2&#8243; _builder_version=\u00bb4.23.1&#8243; _module_preset=\u00bbdefault\u00bb global_colors_info=\u00bb{}\u00bb][et_pb_text _builder_version=\u00bb4.23.1&#8243; _module_preset=\u00bbdefault\u00bb text_font=\u00bb|700||on|||||\u00bb text_text_color=\u00bb#009493&#8243; text_font_size=\u00bb15px\u00bb background_color=\u00bbrgba(0,148,147,0.15)\u00bb width=\u00bb22%\u00bb width_tablet=\u00bb22%\u00bb width_phone=\u00bb100%\u00bb width_last_edited=\u00bbon|phone\u00bb custom_margin=\u00bb||9px|||\u00bb custom_padding=\u00bb2px||2px|9px|true|false\u00bb global_colors_info=\u00bb{}\u00bb]<\/p>\n<p>Especialidad<\/p>\n<p>[\/et_pb_text][et_pb_text _builder_version=\u00bb4.23.1&#8243; _module_preset=\u00bbdefault\u00bb text_font=\u00bbLato|700|||||||\u00bb text_text_color=\u00bb#002A3E\u00bb text_font_size=\u00bb38px\u00bb text_line_height=\u00bb1.2em\u00bb custom_margin=\u00bb||13px|||\u00bb text_font_size_tablet=\u00bb38px\u00bb text_font_size_phone=\u00bb28px\u00bb text_font_size_last_edited=\u00bbon|phone\u00bb global_colors_info=\u00bb{}\u00bb]Enfermedades tiroideas (Oftalmopat\u00eda Distiroidea)[\/et_pb_text][et_pb_text _builder_version=\u00bb4.23.1&#8243; _module_preset=\u00bbdefault\u00bb text_text_color=\u00bbrgba(0,0,0,0.73)\u00bb text_font_size=\u00bb17px\u00bb custom_margin=\u00bb||25px|||\u00bb global_colors_info=\u00bb{}\u00bb body_font_size_phone=\u00bb18px\u00bb body_font_size_last_edited=\u00bbon|phone\u00bb body_font_size_tablet=\u00bb17px\u00bb]<\/p>\n<p>Es una enfermedad inflamatoria asociada a trastornos de la gl\u00e1ndula tiroides que afecta a los tejidos que rodean los ojos, como los p\u00e1rpados, los m\u00fasculos oculares y la grasa orbitaria.<\/p>\n<p>Esta alteraci\u00f3n se produce cuando el sistema inmunol\u00f3gico reacciona contra la gl\u00e1ndula tiroides y, al mismo tiempo, contra los tejidos de la \u00f3rbita ocular, generando inflamaci\u00f3n y cambios en la posici\u00f3n y funcionamiento de los ojos.<\/p>\n<p>Los pacientes pueden notar de forma progresiva sequedad ocular, enrojecimiento, ojos m\u00e1s prominentes (exoftalmos), visi\u00f3n doble o cambios en la posici\u00f3n de los p\u00e1rpados, como mayor apertura ocular o hinchaz\u00f3n palpebral.<\/p>\n<p>En la mayor\u00eda de los casos la enfermedad afecta ambos ojos, aunque puede presentarse de forma asim\u00e9trica o incluso afectar inicialmente a un solo ojo.<\/p>\n<p>El tratamiento depender\u00e1 de la etapa de la enfermedad y de la intensidad de los s\u00edntomas. En fases iniciales inflamatorias se suelen indicar tratamientos conservadores para proteger la superficie ocular y controlar la inflamaci\u00f3n. En casos m\u00e1s avanzados pueden requerirse tratamientos m\u00e9dicos espec\u00edficos o cirug\u00edas oftalmol\u00f3gicas para mejorar la funci\u00f3n ocular y la posici\u00f3n de los ojos.<\/p>\n<p>[\/et_pb_text][et_pb_button button_url=\u00bbhttps:\/\/wa.me\/+5491168892046&#8243; button_text=\u00bbSOLICIT\u00c1 UN TURNO AQU\u00cd\u00bb button_alignment=\u00bbleft\u00bb _builder_version=\u00bb4.23.1&#8243; _module_preset=\u00bbdefault\u00bb custom_button=\u00bbon\u00bb button_text_size=\u00bb15px\u00bb button_text_color=\u00bb#FFFFFF\u00bb button_bg_color=\u00bb#009493&#8243; button_border_width=\u00bb6px\u00bb button_border_color=\u00bb#009493&#8243; button_border_radius=\u00bb4px\u00bb button_font=\u00bbLato|700|||||||\u00bb button_icon_color=\u00bb#FFFFFF\u00bb custom_margin=\u00bb18px||||false|false\u00bb custom_padding=\u00bb||||false|false\u00bb custom_css_main_element=\u00bbtext-decoration:none;\u00bb locked=\u00bboff\u00bb global_colors_info=\u00bb{}\u00bb][\/et_pb_button][\/et_pb_column][et_pb_column type=\u00bb1_2&#8243; _builder_version=\u00bb4.23.1&#8243; _module_preset=\u00bbdefault\u00bb sticky_limit_bottom=\u00bbrow\u00bb global_colors_info=\u00bb{}\u00bb][dsm_card_carousel slide_to_show=\u00bb1&#8243; speed=\u00bb500&#8243; autoplay_speed=\u00bb1500&#8243; pause_on_hover=\u00bbon\u00bb arrow_color=\u00bb#002A3E\u00bb badge_background_color=\u00bb#009493&#8243; _builder_version=\u00bb4.23.1&#8243; _module_preset=\u00bbdefault\u00bb badge_text_color=\u00bb#FFFFFF\u00bb hover_enabled=\u00bb0&#8243; global_colors_info=\u00bb{}\u00bb locked=\u00bboff\u00bb sticky_enabled=\u00bb0&#8243; dots=\u00bboff\u00bb][dsm_card_carousel_child image=\u00bbhttps:\/\/oip.com.ar\/wp-content\/uploads\/2026\/03\/24.png\u00bb image_as_background=\u00bboff\u00bb button_url_new_window=\u00bb1&#8243; _builder_version=\u00bb4.23.1&#8243; _module_preset=\u00bbdefault\u00bb hover_enabled=\u00bb0&#8243; global_colors_info=\u00bb{}\u00bb parent_button=\u00bboff\u00bb parent_header_level=\u00bbh4&#8243; title_text=\u00bb24&#8243; sticky_enabled=\u00bb0&#8243;][\/dsm_card_carousel_child][\/dsm_card_carousel][\/et_pb_column][\/et_pb_row][\/et_pb_section][et_pb_section fb_built=\u00bb1&#8243; _builder_version=\u00bb4.23.1&#8243; _module_preset=\u00bbdefault\u00bb custom_padding=\u00bb51px||13px||false|\u00bb global_colors_info=\u00bb{}\u00bb][et_pb_row _builder_version=\u00bb4.23.1&#8243; _module_preset=\u00bbdefault\u00bb width=\u00bb90%\u00bb max_width=\u00bb1200px\u00bb custom_margin=\u00bb|auto|24px|auto||\u00bb custom_padding=\u00bb0px||0px|||\u00bb global_colors_info=\u00bb{}\u00bb][et_pb_column type=\u00bb4_4&#8243; _builder_version=\u00bb4.23.1&#8243; _module_preset=\u00bbdefault\u00bb global_colors_info=\u00bb{}\u00bb][et_pb_text _builder_version=\u00bb4.23.1&#8243; _module_preset=\u00bbdefault\u00bb text_font=\u00bbLato|700|||||||\u00bb text_text_color=\u00bb#002A3E\u00bb text_font_size=\u00bb40px\u00bb text_line_height=\u00bb1.3em\u00bb text_orientation=\u00bbcenter\u00bb width=\u00bb67%\u00bb width_tablet=\u00bb67%\u00bb width_phone=\u00bb100%\u00bb width_last_edited=\u00bbon|phone\u00bb module_alignment=\u00bbcenter\u00bb custom_margin=\u00bb||10px|||\u00bb text_font_size_tablet=\u00bb40px\u00bb text_font_size_phone=\u00bb30px\u00bb text_font_size_last_edited=\u00bbon|phone\u00bb locked=\u00bboff\u00bb global_colors_info=\u00bb{}\u00bb]\u00bfC\u00f3mo se abordaoftalmopat\u00eda tiroidea?[\/et_pb_text][\/et_pb_column][\/et_pb_row][\/et_pb_section][et_pb_section fb_built=\u00bb1&#8243; _builder_version=\u00bb4.23.1&#8243; _module_preset=\u00bbdefault\u00bb custom_padding=\u00bb1px||21px|||\u00bb global_colors_info=\u00bb{}\u00bb][et_pb_row column_structure=\u00bb1_3,1_3,1_3&#8243; use_custom_gutter=\u00bbon\u00bb gutter_width=\u00bb2&#8243; make_equal=\u00bbon\u00bb disabled_on=\u00bboff|off|off\u00bb _builder_version=\u00bb4.23.1&#8243; _module_preset=\u00bbdefault\u00bb width=\u00bb100%\u00bb width_tablet=\u00bb100%\u00bb width_phone=\u00bb100%\u00bb width_last_edited=\u00bbon|desktop\u00bb max_width=\u00bb1200px\u00bb custom_padding=\u00bb0px|||||\u00bb global_colors_info=\u00bb{}\u00bb][et_pb_column type=\u00bb1_3&#8243; _builder_version=\u00bb4.23.1&#8243; _module_preset=\u00bbdefault\u00bb global_colors_info=\u00bb{}\u00bb][et_pb_blurb title=\u00bbEvaluaci\u00f3n integral\u00bb image=\u00bbhttps:\/\/oip.com.ar\/wp-content\/uploads\/2026\/02\/vision-1.png\u00bb image_icon_width=\u00bb60px\u00bb _builder_version=\u00bb4.23.1&#8243; _module_preset=\u00bbdefault\u00bb header_font=\u00bb|600|||||||\u00bb header_text_align=\u00bbcenter\u00bb header_text_color=\u00bb#000000&#8243; header_font_size=\u00bb18px\u00bb body_text_align=\u00bbcenter\u00bb body_text_color=\u00bbRGBA(0,0,0,0.73)\u00bb body_font_size=\u00bb17px\u00bb body_line_height=\u00bb1.3em\u00bb custom_margin=\u00bb||16px|||\u00bb body_font_size_tablet=\u00bb17px\u00bb body_font_size_phone=\u00bb18px\u00bb body_font_size_last_edited=\u00bbon|phone\u00bb custom_css_blurb_title=\u00bbmargin-top:-10px\u00bb locked=\u00bboff\u00bb global_colors_info=\u00bb{}\u00bb]El diagn\u00f3stico incluye la evaluaci\u00f3n oftalmol\u00f3gica y el estudio del estado de la gl\u00e1ndula tiroides para determinar el grado de afectaci\u00f3n ocular.[\/et_pb_blurb][\/et_pb_column][et_pb_column type=\u00bb1_3&#8243; _builder_version=\u00bb4.23.1&#8243; _module_preset=\u00bbdefault\u00bb global_colors_info=\u00bb{}\u00bb][et_pb_blurb title=\u00bbTratamiento\u00bb image=\u00bbhttps:\/\/oip.com.ar\/wp-content\/uploads\/2026\/03\/eye-drops.png\u00bb image_icon_width=\u00bb60px\u00bb _builder_version=\u00bb4.23.1&#8243; _module_preset=\u00bbdefault\u00bb header_font=\u00bb|600|||||||\u00bb header_text_align=\u00bbcenter\u00bb header_text_color=\u00bb#000000&#8243; header_font_size=\u00bb18px\u00bb body_text_align=\u00bbcenter\u00bb body_text_color=\u00bbRGBA(0,0,0,0.73)\u00bb body_font_size=\u00bb17px\u00bb body_line_height=\u00bb1.3em\u00bb custom_margin=\u00bb||16px|||\u00bb body_font_size_tablet=\u00bb17px\u00bb body_font_size_phone=\u00bb18px\u00bb body_font_size_last_edited=\u00bbon|phone\u00bb custom_css_blurb_title=\u00bbmargin-top:-10px\u00bb locked=\u00bboff\u00bb global_colors_info=\u00bb{}\u00bb]<\/p>\n<p>En etapas iniciales se realizan tratamientos conservadores o antiinflamatorios para controlar la inflamaci\u00f3n y proteger la superficie ocular.<\/p>\n<p>[\/et_pb_blurb][\/et_pb_column][et_pb_column type=\u00bb1_3&#8243; _builder_version=\u00bb4.23.1&#8243; _module_preset=\u00bbdefault\u00bb global_colors_info=\u00bb{}\u00bb][et_pb_blurb title=\u00bbTratamientos quir\u00fargicos\u00bb image=\u00bbhttps:\/\/oip.com.ar\/wp-content\/uploads\/2026\/03\/eyelid.png\u00bb image_icon_width=\u00bb60px\u00bb _builder_version=\u00bb4.23.1&#8243; _module_preset=\u00bbdefault\u00bb header_font=\u00bb|600|||||||\u00bb header_text_align=\u00bbcenter\u00bb header_text_color=\u00bb#000000&#8243; header_font_size=\u00bb18px\u00bb body_text_align=\u00bbcenter\u00bb body_text_color=\u00bbRGBA(0,0,0,0.73)\u00bb body_font_size=\u00bb17px\u00bb body_line_height=\u00bb1.3em\u00bb custom_margin=\u00bb||16px|||\u00bb body_font_size_tablet=\u00bb17px\u00bb body_font_size_phone=\u00bb18px\u00bb body_font_size_last_edited=\u00bbon|phone\u00bb custom_css_blurb_title=\u00bbmargin-top:-10px\u00bb locked=\u00bboff\u00bb global_colors_info=\u00bb{}\u00bb]En fases m\u00e1s avanzadas pueden requerirse cirug\u00edas orbitarias o palpebrales para mejorar la posici\u00f3n de los ojos, la funci\u00f3n visual y la est\u00e9tica de la mirada.[\/et_pb_blurb][\/et_pb_column][\/et_pb_row][\/et_pb_section][et_pb_section fb_built=\u00bb1&#8243; _builder_version=\u00bb4.23.1&#8243; _module_preset=\u00bbdefault\u00bb background_color=\u00bb#009493&#8243; custom_padding=\u00bb0px||0px||true|false\u00bb global_colors_info=\u00bb{}\u00bb][et_pb_row use_custom_gutter=\u00bbon\u00bb gutter_width=\u00bb2&#8243; make_equal=\u00bbon\u00bb disabled_on=\u00bboff|off|off\u00bb _builder_version=\u00bb4.23.1&#8243; _module_preset=\u00bbdefault\u00bb width=\u00bb90%\u00bb max_width=\u00bb1200px\u00bb locked=\u00bboff\u00bb global_colors_info=\u00bb{}\u00bb][et_pb_column type=\u00bb4_4&#8243; _builder_version=\u00bb4.23.1&#8243; _module_preset=\u00bbdefault\u00bb background_color=\u00bb#009493&#8243; custom_padding=\u00bb20px|0px|20px|0px|true|true\u00bb border_radii=\u00bbon|5px|5px|5px|5px\u00bb global_colors_info=\u00bb{}\u00bb][et_pb_text _builder_version=\u00bb4.23.1&#8243; _module_preset=\u00bbdefault\u00bb text_text_color=\u00bb#FFFFFF\u00bb text_font_size=\u00bb22px\u00bb text_line_height=\u00bb1.4em\u00bb header_4_font=\u00bb|700|||||||\u00bb header_4_text_color=\u00bb#FFFFFF\u00bb header_4_font_size=\u00bb21px\u00bb header_4_line_height=\u00bb1.2em\u00bb background_color=\u00bb#009493&#8243; text_orientation=\u00bbcenter\u00bb custom_margin=\u00bb||2px|||\u00bb custom_padding=\u00bb1.9%|5%|1.9%|5%|true|true\u00bb text_font_size_tablet=\u00bb22px\u00bb text_font_size_phone=\u00bb20px\u00bb text_font_size_last_edited=\u00bbon|phone\u00bb custom_css_main_element=\u00bbdisplay: flex;||align-items: center;\u00bb locked=\u00bboff\u00bb global_colors_info=\u00bb{}\u00bb]El diagn\u00f3stico temprano y el seguimiento especializado permiten tratar la oftalmopat\u00eda tiroidea de forma adecuada, preservando la salud ocular y mejorando la calidad visual del paciente.[\/et_pb_text][\/et_pb_column][\/et_pb_row][\/et_pb_section][et_pb_section fb_built=\u00bb1&#8243; _builder_version=\u00bb4.23.1&#8243; _module_preset=\u00bbdefault\u00bb custom_padding=\u00bb||30px||false|false\u00bb global_module=\u00bb353&#8243; global_colors_info=\u00bb{}\u00bb][et_pb_row _builder_version=\u00bb4.23.1&#8243; _module_preset=\u00bbdefault\u00bb width=\u00bb90%\u00bb max_width=\u00bb1200px\u00bb custom_padding=\u00bb0px|||||\u00bb locked=\u00bboff\u00bb global_colors_info=\u00bb{}\u00bb][et_pb_column type=\u00bb4_4&#8243; _builder_version=\u00bb4.23.1&#8243; _module_preset=\u00bbdefault\u00bb global_colors_info=\u00bb{}\u00bb][et_pb_text _builder_version=\u00bb4.23.1&#8243; _module_preset=\u00bbdefault\u00bb text_font=\u00bbLato|700|||||||\u00bb text_text_color=\u00bb#002A3E\u00bb text_font_size=\u00bb42px\u00bb text_line_height=\u00bb1.2em\u00bb text_orientation=\u00bbcenter\u00bb custom_margin=\u00bb||13px|||\u00bb text_font_size_tablet=\u00bb\u00bb text_font_size_phone=\u00bb30px\u00bb text_font_size_last_edited=\u00bbon|phone\u00bb locked=\u00bboff\u00bb global_colors_info=\u00bb{}\u00bb]<\/p>\n<p>Lo que opinan nuestos pacientes<\/p>\n<p>[\/et_pb_text][et_pb_code _builder_version=\u00bb4.23.1&#8243; _module_preset=\u00bbdefault\u00bb custom_padding=\u00bb30px||||false|false\u00bb global_colors_info=\u00bb{}\u00bb]<script src=\"https:\/\/elfsightcdn.com\/platform.js\" async><\/script><!-- [et_pb_line_break_holder] --><\/p>\n<div class=\"elfsight-app-dd144b8b-9f51-4abb-b4eb-36235c2c0e46\" data-elfsight-app-lazy><\/div>\n<p>[\/et_pb_code][\/et_pb_column][\/et_pb_row][et_pb_row _builder_version=\u00bb4.23.1&#8243; _module_preset=\u00bbdefault\u00bb width=\u00bb90%\u00bb max_width=\u00bb1200px\u00bb custom_padding=\u00bb0px|||||\u00bb locked=\u00bboff\u00bb global_colors_info=\u00bb{}\u00bb][et_pb_column type=\u00bb4_4&#8243; _builder_version=\u00bb4.23.1&#8243; _module_preset=\u00bbdefault\u00bb global_colors_info=\u00bb{}\u00bb][et_pb_text _builder_version=\u00bb4.23.1&#8243; _module_preset=\u00bbdefault\u00bb text_font=\u00bbLato|700|||||||\u00bb text_text_color=\u00bb#002A3E\u00bb text_font_size=\u00bb42px\u00bb text_line_height=\u00bb1.2em\u00bb text_orientation=\u00bbcenter\u00bb custom_margin=\u00bb||13px|||\u00bb text_font_size_tablet=\u00bb\u00bb text_font_size_phone=\u00bb30px\u00bb text_font_size_last_edited=\u00bbon|phone\u00bb locked=\u00bboff\u00bb global_colors_info=\u00bb{}\u00bb]<\/p>\n<p>Tu visi\u00f3n merece una atenci\u00f3n de calidad<\/p>\n<p>[\/et_pb_text][et_pb_text _builder_version=\u00bb4.23.1&#8243; _module_preset=\u00bbdefault\u00bb text_font=\u00bb||||||||\u00bb text_text_color=\u00bbRGBA(0,0,0,0.73)\u00bb text_font_size=\u00bb20px\u00bb text_line_height=\u00bb1.3em\u00bb text_orientation=\u00bbcenter\u00bb width=\u00bb71%\u00bb width_tablet=\u00bb\u00bb width_phone=\u00bb100%\u00bb width_last_edited=\u00bbon|phone\u00bb module_alignment=\u00bbcenter\u00bb locked=\u00bboff\u00bb global_colors_info=\u00bb{}\u00bb]<\/p>\n<p>Estamos para acompa\u00f1arte en cada etapa del cuidado de tu salud visual<\/p>\n<p>[\/et_pb_text][et_pb_button button_url=\u00bbhttps:\/\/wa.me\/+5491168892046&#8243; button_text=\u00bbSOLICIT\u00c1 UN TURNO AQU\u00cd\u00bb button_alignment=\u00bbcenter\u00bb _builder_version=\u00bb4.23.1&#8243; _module_preset=\u00bbdefault\u00bb custom_button=\u00bbon\u00bb button_text_size=\u00bb15px\u00bb button_text_color=\u00bb#FFFFFF\u00bb button_bg_color=\u00bb#009493&#8243; button_border_width=\u00bb6px\u00bb button_border_color=\u00bb#009493&#8243; button_border_radius=\u00bb4px\u00bb button_font=\u00bbLato|700|||||||\u00bb button_icon_color=\u00bb#FFFFFF\u00bb custom_css_main_element=\u00bbtext-decoration:none;\u00bb locked=\u00bboff\u00bb global_colors_info=\u00bb{}\u00bb][\/et_pb_button][\/et_pb_column][\/et_pb_row][et_pb_row _builder_version=\u00bb4.23.1&#8243; _module_preset=\u00bbdefault\u00bb width=\u00bb95%\u00bb max_width=\u00bb100%\u00bb custom_padding=\u00bb||0px||false|false\u00bb global_colors_info=\u00bb{}\u00bb][et_pb_column type=\u00bb4_4&#8243; _builder_version=\u00bb4.23.1&#8243; _module_preset=\u00bbdefault\u00bb global_colors_info=\u00bb{}\u00bb][lwp_image_carousel gallery_ids=\u00bb462,461,460,459,463,458,135,134,133,132,131,126,127,128,129,130&#8243; slides_show=\u00bb6&#8243; slides_scroll=\u00bb3&#8243; show_dots=\u00bboff\u00bb show_arrows=\u00bboff\u00bb autoplay_animation=\u00bbon\u00bb autoplay_animation_speed=\u00bb400ms\u00bb slide_animation_speed=\u00bb1500ms\u00bb infinite_animation=\u00bbon\u00bb css_ease=\u00bblinear\u00bb slides_show_tablet=\u00bb\u00bb slides_show_phone=\u00bb2&#8243; slides_show_last_edited=\u00bbon|phone\u00bb _builder_version=\u00bb4.23.1&#8243; _module_preset=\u00bbdefault\u00bb filter_saturate=\u00bb0%\u00bb filter_opacity=\u00bb54%\u00bb global_colors_info=\u00bb{}\u00bb][\/lwp_image_carousel][\/et_pb_column][\/et_pb_row][\/et_pb_section]<\/p>\n","protected":false},"excerpt":{"rendered":"<p>It is an inflammatory condition associated with thyroid disorders that affects the tissues surrounding the eyes, including<\/p>","protected":false},"author":1,"featured_media":453,"parent":428,"menu_order":0,"comment_status":"closed","ping_status":"closed","template":"","meta":{"_et_pb_use_builder":"on","_et_pb_old_content":"","_et_gb_content_width":"","_joinchat":[],"footnotes":""},"class_list":["post-397","page","type-page","status-publish","has-post-thumbnail","hentry"],"_links":{"self":[{"href":"https:\/\/oip.com.ar\/en\/wp-json\/wp\/v2\/pages\/397","targetHints":{"allow":["GET"]}}],"collection":[{"href":"https:\/\/oip.com.ar\/en\/wp-json\/wp\/v2\/pages"}],"about":[{"href":"https:\/\/oip.com.ar\/en\/wp-json\/wp\/v2\/types\/page"}],"author":[{"embeddable":true,"href":"https:\/\/oip.com.ar\/en\/wp-json\/wp\/v2\/users\/1"}],"replies":[{"embeddable":true,"href":"https:\/\/oip.com.ar\/en\/wp-json\/wp\/v2\/comments?post=397"}],"version-history":[{"count":10,"href":"https:\/\/oip.com.ar\/en\/wp-json\/wp\/v2\/pages\/397\/revisions"}],"predecessor-version":[{"id":760,"href":"https:\/\/oip.com.ar\/en\/wp-json\/wp\/v2\/pages\/397\/revisions\/760"}],"up":[{"embeddable":true,"href":"https:\/\/oip.com.ar\/en\/wp-json\/wp\/v2\/pages\/428"}],"wp:featuredmedia":[{"embeddable":true,"href":"https:\/\/oip.com.ar\/en\/wp-json\/wp\/v2\/media\/453"}],"wp:attachment":[{"href":"https:\/\/oip.com.ar\/en\/wp-json\/wp\/v2\/media?parent=397"}],"curies":[{"name":"wp","href":"https:\/\/api.w.org\/{rel}","templated":true}]}}