{"id":410,"date":"2026-03-12T16:59:38","date_gmt":"2026-03-12T16:59:38","guid":{"rendered":"https:\/\/oip.com.ar\/?page_id=410"},"modified":"2026-04-04T23:31:07","modified_gmt":"2026-04-04T23:31:07","slug":"tratamiento-de-maculopatia","status":"publish","type":"page","link":"https:\/\/oip.com.ar\/en\/especialidades\/tratamiento-de-maculopatia\/","title":{"rendered":"Macular disease treatment"},"content":{"rendered":"<p>[et_pb_section fb_built=\u00bb1&#8243; custom_padding_last_edited=\u00bbon|phone\u00bb _builder_version=\u00bb4.23.1&#8243; _module_preset=\u00bbdefault\u00bb background_color=\u00bbrgba(0,148,147,0.06)\u00bb custom_padding=\u00bb57px||58px||false|false\u00bb custom_padding_tablet=\u00bb57px||58px||false|false\u00bb custom_padding_phone=\u00bb0px||||false|false\u00bb global_colors_info=\u00bb{}\u00bb][et_pb_row column_structure=\u00bb1_2,1_2&#8243; _builder_version=\u00bb4.23.1&#8243; _module_preset=\u00bbdefault\u00bb width=\u00bb90%\u00bb max_width=\u00bb1200px\u00bb custom_padding=\u00bb||0px|||\u00bb global_colors_info=\u00bb{}\u00bb][et_pb_column type=\u00bb1_2&#8243; _builder_version=\u00bb4.23.1&#8243; _module_preset=\u00bbdefault\u00bb global_colors_info=\u00bb{}\u00bb][et_pb_text _builder_version=\u00bb4.23.1&#8243; _module_preset=\u00bbdefault\u00bb text_font=\u00bb|700||on|||||\u00bb text_text_color=\u00bb#009493&#8243; text_font_size=\u00bb15px\u00bb background_color=\u00bbrgba(0,148,147,0.15)\u00bb width=\u00bb22%\u00bb width_tablet=\u00bb22%\u00bb width_phone=\u00bb100%\u00bb width_last_edited=\u00bbon|phone\u00bb custom_margin=\u00bb||9px|||\u00bb custom_padding=\u00bb2px||2px|9px|true|false\u00bb global_colors_info=\u00bb{}\u00bb]<\/p>\n<p>Especialidad<\/p>\n<p>[\/et_pb_text][et_pb_text _builder_version=\u00bb4.23.1&#8243; _module_preset=\u00bbdefault\u00bb text_font=\u00bbLato|700|||||||\u00bb text_text_color=\u00bb#002A3E\u00bb text_font_size=\u00bb38px\u00bb text_line_height=\u00bb1.2em\u00bb custom_margin=\u00bb||13px|||\u00bb text_font_size_tablet=\u00bb38px\u00bb text_font_size_phone=\u00bb28px\u00bb text_font_size_last_edited=\u00bbon|phone\u00bb global_colors_info=\u00bb{}\u00bb]<\/p>\n<p>Maculopat\u00eda<\/p>\n<p>[\/et_pb_text][et_pb_text _builder_version=\u00bb4.23.1&#8243; _module_preset=\u00bbdefault\u00bb text_text_color=\u00bbrgba(0,0,0,0.73)\u00bb text_font_size=\u00bb17px\u00bb global_colors_info=\u00bb{}\u00bb]La maculopat\u00eda es una enfermedad que afecta la visi\u00f3n central debido a alteraciones en la m\u00e1cula, la zona central de la retina responsable de percibir los detalles finos, como la lectura, el reconocimiento de rostros y la visi\u00f3n precisa.<\/p>\n<p>En algunos casos, especialmente cuando est\u00e1 relacionada con la edad, la maculopat\u00eda puede avanzar de forma lenta sin que el paciente note cambios significativos en la visi\u00f3n durante mucho tiempo. En otros casos, la enfermedad puede progresar m\u00e1s r\u00e1pidamente y provocar una disminuci\u00f3n importante de la visi\u00f3n central en uno o ambos ojos.<\/p>\n<p>La degeneraci\u00f3n macular asociada a la edad es una de las principales causas de p\u00e9rdida visual en personas mayores de 60 a\u00f1os.<\/p>\n<p>Existen diferentes opciones terap\u00e9uticas que pueden incluir cambio de dieta, medicamentos intraoculares, l\u00e1ser o procedimientos quir\u00fargicos.[\/et_pb_text][et_pb_text _builder_version=\u00bb4.23.1&#8243; _module_preset=\u00bbdefault\u00bb text_font=\u00bb|600|||||||\u00bb text_text_color=\u00bb#000000&#8243; text_font_size=\u00bb17px\u00bb text_line_height=\u00bb1.9em\u00bb custom_margin=\u00bb7px||10px||false|false\u00bb locked=\u00bboff\u00bb global_colors_info=\u00bb{}\u00bb]Medidas que ayudan a prevenir o retrasar la enfermedad[\/et_pb_text][et_pb_blurb title=\u00bbUtilizar anteojos de sol para proteger los ojos de los rayos UV\u00bb use_icon=\u00bbon\u00bb font_icon=\u00bb&#xf00c;||fa||900&#8243; icon_color=\u00bb#009493&#8243; icon_placement=\u00bbleft\u00bb image_icon_width=\u00bb21px\u00bb _builder_version=\u00bb4.23.1&#8243; _module_preset=\u00bbdefault\u00bb header_font=\u00bb||||||||\u00bb header_font_size=\u00bb16px\u00bb header_line_height=\u00bb1.2em\u00bb body_text_color=\u00bbRGBA(0,0,0,0.73)\u00bb body_font_size=\u00bb16px\u00bb body_line_height=\u00bb1.4em\u00bb custom_margin=\u00bb||3px|||\u00bb global_colors_info=\u00bb{}\u00bb][\/et_pb_blurb][et_pb_blurb title=\u00bbEvitar el tabaquismo\u00bb use_icon=\u00bbon\u00bb font_icon=\u00bb&#xf00c;||fa||900&#8243; icon_color=\u00bb#009493&#8243; icon_placement=\u00bbleft\u00bb image_icon_width=\u00bb21px\u00bb _builder_version=\u00bb4.23.1&#8243; _module_preset=\u00bbdefault\u00bb header_font=\u00bb||||||||\u00bb header_font_size=\u00bb16px\u00bb header_line_height=\u00bb1.2em\u00bb body_text_color=\u00bbRGBA(0,0,0,0.73)\u00bb body_font_size=\u00bb16px\u00bb body_line_height=\u00bb1.4em\u00bb custom_margin=\u00bb||3px|||\u00bb global_colors_info=\u00bb{}\u00bb][\/et_pb_blurb][et_pb_blurb title=\u00bbMantener una dieta equilibrada rica en frutas y verduras\u00bb use_icon=\u00bbon\u00bb font_icon=\u00bb&#xf00c;||fa||900&#8243; icon_color=\u00bb#009493&#8243; icon_placement=\u00bbleft\u00bb image_icon_width=\u00bb21px\u00bb _builder_version=\u00bb4.23.1&#8243; _module_preset=\u00bbdefault\u00bb header_font=\u00bb||||||||\u00bb header_font_size=\u00bb16px\u00bb header_line_height=\u00bb1.2em\u00bb body_text_color=\u00bbRGBA(0,0,0,0.73)\u00bb body_font_size=\u00bb16px\u00bb body_line_height=\u00bb1.4em\u00bb custom_margin=\u00bb||3px|||\u00bb global_colors_info=\u00bb{}\u00bb][\/et_pb_blurb][et_pb_blurb title=\u00bbControlar enfermedades como hipertensi\u00f3n arterial y diabetes\u00bb use_icon=\u00bbon\u00bb font_icon=\u00bb&#xf00c;||fa||900&#8243; icon_color=\u00bb#009493&#8243; icon_placement=\u00bbleft\u00bb image_icon_width=\u00bb21px\u00bb _builder_version=\u00bb4.23.1&#8243; _module_preset=\u00bbdefault\u00bb header_font=\u00bb||||||||\u00bb header_font_size=\u00bb16px\u00bb header_line_height=\u00bb1.2em\u00bb body_text_color=\u00bbRGBA(0,0,0,0.73)\u00bb body_font_size=\u00bb16px\u00bb body_line_height=\u00bb1.4em\u00bb custom_margin=\u00bb||3px|||\u00bb global_colors_info=\u00bb{}\u00bb][\/et_pb_blurb][et_pb_button button_url=\u00bbhttps:\/\/wa.me\/+5491168892046&#8243; button_text=\u00bbSOLICIT\u00c1 UN TURNO AQU\u00cd\u00bb button_alignment=\u00bbleft\u00bb _builder_version=\u00bb4.23.1&#8243; _module_preset=\u00bbdefault\u00bb custom_button=\u00bbon\u00bb button_text_size=\u00bb15px\u00bb button_text_color=\u00bb#FFFFFF\u00bb button_bg_color=\u00bb#009493&#8243; button_border_width=\u00bb6px\u00bb button_border_color=\u00bb#009493&#8243; button_border_radius=\u00bb4px\u00bb button_font=\u00bbLato|700|||||||\u00bb button_icon_color=\u00bb#FFFFFF\u00bb custom_margin=\u00bb18px|||50px|false|false\u00bb custom_padding=\u00bb||||false|false\u00bb custom_css_main_element=\u00bbtext-decoration:none;\u00bb locked=\u00bboff\u00bb global_colors_info=\u00bb{}\u00bb][\/et_pb_button][\/et_pb_column][et_pb_column type=\u00bb1_2&#8243; _builder_version=\u00bb4.23.1&#8243; _module_preset=\u00bbdefault\u00bb sticky_limit_bottom=\u00bbrow\u00bb global_colors_info=\u00bb{}\u00bb][dsm_card_carousel slide_to_show=\u00bb1&#8243; speed=\u00bb500&#8243; autoplay_speed=\u00bb1500&#8243; pause_on_hover=\u00bbon\u00bb arrow_color=\u00bb#002A3E\u00bb badge_background_color=\u00bb#009493&#8243; _builder_version=\u00bb4.23.1&#8243; _module_preset=\u00bbdefault\u00bb badge_text_color=\u00bb#FFFFFF\u00bb hover_enabled=\u00bb0&#8243; global_colors_info=\u00bb{}\u00bb locked=\u00bboff\u00bb sticky_enabled=\u00bb0&#8243; dots=\u00bboff\u00bb][dsm_card_carousel_child image=\u00bbhttps:\/\/oip.com.ar\/wp-content\/uploads\/2026\/03\/30.png\u00bb image_as_background=\u00bboff\u00bb button_url_new_window=\u00bb1&#8243; _builder_version=\u00bb4.23.1&#8243; _module_preset=\u00bbdefault\u00bb hover_enabled=\u00bb0&#8243; global_colors_info=\u00bb{}\u00bb parent_button=\u00bboff\u00bb parent_header_level=\u00bbh4&#8243; title_text=\u00bb30&#8243; sticky_enabled=\u00bb0&#8243;][\/dsm_card_carousel_child][dsm_card_carousel_child image=\u00bbhttps:\/\/oip.com.ar\/wp-content\/uploads\/2026\/03\/29.png\u00bb image_as_background=\u00bboff\u00bb button_url_new_window=\u00bb1&#8243; _builder_version=\u00bb4.23.1&#8243; _module_preset=\u00bbdefault\u00bb hover_enabled=\u00bb0&#8243; global_colors_info=\u00bb{}\u00bb parent_button=\u00bboff\u00bb parent_header_level=\u00bbh4&#8243; title_text=\u00bb29&#8243; sticky_enabled=\u00bb0&#8243;][\/dsm_card_carousel_child][dsm_card_carousel_child image=\u00bbhttps:\/\/oip.com.ar\/wp-content\/uploads\/2026\/03\/31.png\u00bb image_as_background=\u00bboff\u00bb button_url_new_window=\u00bb1&#8243; _builder_version=\u00bb4.23.1&#8243; _module_preset=\u00bbdefault\u00bb hover_enabled=\u00bb0&#8243; global_colors_info=\u00bb{}\u00bb parent_button=\u00bboff\u00bb parent_header_level=\u00bbh4&#8243; title_text=\u00bb31&#8243; sticky_enabled=\u00bb0&#8243;][\/dsm_card_carousel_child][\/dsm_card_carousel][\/et_pb_column][\/et_pb_row][\/et_pb_section][et_pb_section fb_built=\u00bb1&#8243; _builder_version=\u00bb4.23.1&#8243; _module_preset=\u00bbdefault\u00bb custom_padding=\u00bb51px||13px||false|\u00bb global_colors_info=\u00bb{}\u00bb][et_pb_row _builder_version=\u00bb4.23.1&#8243; _module_preset=\u00bbdefault\u00bb width=\u00bb90%\u00bb max_width=\u00bb1200px\u00bb custom_margin=\u00bb|auto|24px|auto||\u00bb custom_padding=\u00bb0px||0px|||\u00bb global_colors_info=\u00bb{}\u00bb][et_pb_column type=\u00bb4_4&#8243; _builder_version=\u00bb4.23.1&#8243; _module_preset=\u00bbdefault\u00bb global_colors_info=\u00bb{}\u00bb][et_pb_text _builder_version=\u00bb4.23.1&#8243; _module_preset=\u00bbdefault\u00bb text_font=\u00bbLato|700|||||||\u00bb text_text_color=\u00bb#002A3E\u00bb text_font_size=\u00bb40px\u00bb text_line_height=\u00bb1.3em\u00bb text_orientation=\u00bbcenter\u00bb width=\u00bb67%\u00bb width_tablet=\u00bb67%\u00bb width_phone=\u00bb100%\u00bb width_last_edited=\u00bbon|phone\u00bb module_alignment=\u00bbcenter\u00bb custom_margin=\u00bb||10px|||\u00bb text_font_size_tablet=\u00bb40px\u00bb text_font_size_phone=\u00bb30px\u00bb text_font_size_last_edited=\u00bbon|phone\u00bb locked=\u00bboff\u00bb global_colors_info=\u00bb{}\u00bb]\u00bfC\u00f3mo se trata la maculopat\u00eda?[\/et_pb_text][\/et_pb_column][\/et_pb_row][\/et_pb_section][et_pb_section fb_built=\u00bb1&#8243; _builder_version=\u00bb4.23.1&#8243; _module_preset=\u00bbdefault\u00bb custom_padding=\u00bb1px||21px|||\u00bb global_colors_info=\u00bb{}\u00bb][et_pb_row column_structure=\u00bb1_3,1_3,1_3&#8243; use_custom_gutter=\u00bbon\u00bb gutter_width=\u00bb2&#8243; make_equal=\u00bbon\u00bb disabled_on=\u00bboff|off|off\u00bb _builder_version=\u00bb4.23.1&#8243; _module_preset=\u00bbdefault\u00bb width=\u00bb100%\u00bb width_tablet=\u00bb100%\u00bb width_phone=\u00bb100%\u00bb width_last_edited=\u00bbon|desktop\u00bb max_width=\u00bb1200px\u00bb custom_padding=\u00bb0px|||||\u00bb global_colors_info=\u00bb{}\u00bb][et_pb_column type=\u00bb1_3&#8243; _builder_version=\u00bb4.23.1&#8243; _module_preset=\u00bbdefault\u00bb global_colors_info=\u00bb{}\u00bb][et_pb_blurb title=\u00bbDiagn\u00f3stico temprano\u00bb image=\u00bbhttps:\/\/oip.com.ar\/wp-content\/uploads\/2026\/02\/vision-1.png\u00bb image_icon_width=\u00bb60px\u00bb _builder_version=\u00bb4.23.1&#8243; _module_preset=\u00bbdefault\u00bb header_font=\u00bb|600|||||||\u00bb header_text_align=\u00bbcenter\u00bb header_text_color=\u00bb#000000&#8243; header_font_size=\u00bb18px\u00bb body_text_align=\u00bbcenter\u00bb body_text_color=\u00bbRGBA(0,0,0,0.73)\u00bb body_font_size=\u00bb17px\u00bb body_line_height=\u00bb1.3em\u00bb custom_margin=\u00bb||16px|||\u00bb body_font_size_tablet=\u00bb17px\u00bb body_font_size_phone=\u00bb18px\u00bb body_font_size_last_edited=\u00bbon|phone\u00bb custom_css_blurb_title=\u00bbmargin-top:-10px\u00bb locked=\u00bboff\u00bb global_colors_info=\u00bb{}\u00bb]Los controles oftalmol\u00f3gicos permiten detectar cambios en la m\u00e1cula y evaluar la evoluci\u00f3n de la enfermedad.[\/et_pb_blurb][\/et_pb_column][et_pb_column type=\u00bb1_3&#8243; _builder_version=\u00bb4.23.1&#8243; _module_preset=\u00bbdefault\u00bb global_colors_info=\u00bb{}\u00bb][et_pb_blurb title=\u00bbTratamiento especializado\u00bb image=\u00bbhttps:\/\/oip.com.ar\/wp-content\/uploads\/2026\/02\/eye-2.png\u00bb image_icon_width=\u00bb60px\u00bb _builder_version=\u00bb4.23.1&#8243; _module_preset=\u00bbdefault\u00bb header_font=\u00bb|600|||||||\u00bb header_text_align=\u00bbcenter\u00bb header_text_color=\u00bb#000000&#8243; header_font_size=\u00bb18px\u00bb body_text_align=\u00bbcenter\u00bb body_text_color=\u00bbRGBA(0,0,0,0.73)\u00bb body_font_size=\u00bb17px\u00bb body_line_height=\u00bb1.3em\u00bb custom_margin=\u00bb||16px|||\u00bb body_font_size_tablet=\u00bb17px\u00bb body_font_size_phone=\u00bb18px\u00bb body_font_size_last_edited=\u00bbon|phone\u00bb custom_css_blurb_title=\u00bbmargin-top:-10px\u00bb locked=\u00bboff\u00bb global_colors_info=\u00bb{}\u00bb]<\/p>\n<p>Dependiendo del tipo de maculopat\u00eda, pueden indicarse medicamentos intraoculares, suplementos nutricionales o terapias espec\u00edficas.<\/p>\n<p>[\/et_pb_blurb][\/et_pb_column][et_pb_column type=\u00bb1_3&#8243; _builder_version=\u00bb4.23.1&#8243; _module_preset=\u00bbdefault\u00bb global_colors_info=\u00bb{}\u00bb][et_pb_blurb title=\u00bbPreservar la visi\u00f3n\u00bb image=\u00bbhttps:\/\/oip.com.ar\/wp-content\/uploads\/2026\/03\/protection.png\u00bb image_icon_width=\u00bb60px\u00bb _builder_version=\u00bb4.23.1&#8243; _module_preset=\u00bbdefault\u00bb header_font=\u00bb|600|||||||\u00bb header_text_align=\u00bbcenter\u00bb header_text_color=\u00bb#000000&#8243; header_font_size=\u00bb18px\u00bb body_text_align=\u00bbcenter\u00bb body_text_color=\u00bbRGBA(0,0,0,0.73)\u00bb body_font_size=\u00bb17px\u00bb body_line_height=\u00bb1.3em\u00bb custom_margin=\u00bb||16px|||\u00bb body_font_size_tablet=\u00bb17px\u00bb body_font_size_phone=\u00bb18px\u00bb body_font_size_last_edited=\u00bbon|phone\u00bb custom_css_blurb_title=\u00bbmargin-top:-10px\u00bb locked=\u00bboff\u00bb global_colors_info=\u00bb{}\u00bb]El objetivo del tratamiento es ralentizar la progresi\u00f3n de la enfermedad y preservar la mejor calidad visual posible.[\/et_pb_blurb][\/et_pb_column][\/et_pb_row][\/et_pb_section][et_pb_section fb_built=\u00bb1&#8243; _builder_version=\u00bb4.23.1&#8243; _module_preset=\u00bbdefault\u00bb background_color=\u00bb#009493&#8243; custom_padding=\u00bb0px||0px||true|false\u00bb global_colors_info=\u00bb{}\u00bb][et_pb_row use_custom_gutter=\u00bbon\u00bb gutter_width=\u00bb2&#8243; make_equal=\u00bbon\u00bb disabled_on=\u00bboff|off|off\u00bb _builder_version=\u00bb4.23.1&#8243; _module_preset=\u00bbdefault\u00bb width=\u00bb90%\u00bb max_width=\u00bb1200px\u00bb locked=\u00bboff\u00bb global_colors_info=\u00bb{}\u00bb][et_pb_column type=\u00bb4_4&#8243; _builder_version=\u00bb4.23.1&#8243; _module_preset=\u00bbdefault\u00bb background_color=\u00bb#009493&#8243; custom_padding=\u00bb20px|0px|20px|0px|true|true\u00bb border_radii=\u00bbon|5px|5px|5px|5px\u00bb global_colors_info=\u00bb{}\u00bb][et_pb_text _builder_version=\u00bb4.23.1&#8243; _module_preset=\u00bbdefault\u00bb text_text_color=\u00bb#FFFFFF\u00bb text_font_size=\u00bb22px\u00bb text_line_height=\u00bb1.4em\u00bb header_4_font=\u00bb|700|||||||\u00bb header_4_text_color=\u00bb#FFFFFF\u00bb header_4_font_size=\u00bb21px\u00bb header_4_line_height=\u00bb1.2em\u00bb background_color=\u00bb#009493&#8243; text_orientation=\u00bbcenter\u00bb custom_margin=\u00bb||2px|||\u00bb custom_padding=\u00bb1.9%|5%|1.9%|5%|true|true\u00bb text_font_size_tablet=\u00bb22px\u00bb text_font_size_phone=\u00bb20px\u00bb text_font_size_last_edited=\u00bbon|phone\u00bb custom_css_main_element=\u00bbdisplay: flex;||align-items: center;\u00bb locked=\u00bboff\u00bb global_colors_info=\u00bb{}\u00bb]La detecci\u00f3n temprana y el tratamiento adecuado permiten controlar la evoluci\u00f3n de la maculopat\u00eda y preservar la visi\u00f3n central durante m\u00e1s tiempo.[\/et_pb_text][\/et_pb_column][\/et_pb_row][\/et_pb_section][et_pb_section fb_built=\u00bb1&#8243; _builder_version=\u00bb4.23.1&#8243; _module_preset=\u00bbdefault\u00bb custom_padding=\u00bb||30px||false|false\u00bb global_module=\u00bb353&#8243; global_colors_info=\u00bb{}\u00bb][et_pb_row _builder_version=\u00bb4.23.1&#8243; _module_preset=\u00bbdefault\u00bb width=\u00bb90%\u00bb max_width=\u00bb1200px\u00bb custom_padding=\u00bb0px|||||\u00bb locked=\u00bboff\u00bb global_colors_info=\u00bb{}\u00bb][et_pb_column type=\u00bb4_4&#8243; _builder_version=\u00bb4.23.1&#8243; _module_preset=\u00bbdefault\u00bb global_colors_info=\u00bb{}\u00bb][et_pb_text _builder_version=\u00bb4.23.1&#8243; _module_preset=\u00bbdefault\u00bb text_font=\u00bbLato|700|||||||\u00bb text_text_color=\u00bb#002A3E\u00bb text_font_size=\u00bb42px\u00bb text_line_height=\u00bb1.2em\u00bb text_orientation=\u00bbcenter\u00bb custom_margin=\u00bb||13px|||\u00bb text_font_size_tablet=\u00bb\u00bb text_font_size_phone=\u00bb30px\u00bb text_font_size_last_edited=\u00bbon|phone\u00bb locked=\u00bboff\u00bb global_colors_info=\u00bb{}\u00bb]<\/p>\n<p>Lo que opinan nuestos pacientes<\/p>\n<p>[\/et_pb_text][et_pb_code _builder_version=\u00bb4.23.1&#8243; _module_preset=\u00bbdefault\u00bb custom_padding=\u00bb30px||||false|false\u00bb global_colors_info=\u00bb{}\u00bb]<script src=\"https:\/\/elfsightcdn.com\/platform.js\" async><\/script><!-- [et_pb_line_break_holder] --><\/p>\n<div class=\"elfsight-app-dd144b8b-9f51-4abb-b4eb-36235c2c0e46\" data-elfsight-app-lazy><\/div>\n<p>[\/et_pb_code][\/et_pb_column][\/et_pb_row][et_pb_row _builder_version=\u00bb4.23.1&#8243; _module_preset=\u00bbdefault\u00bb width=\u00bb90%\u00bb max_width=\u00bb1200px\u00bb custom_padding=\u00bb0px|||||\u00bb locked=\u00bboff\u00bb global_colors_info=\u00bb{}\u00bb][et_pb_column type=\u00bb4_4&#8243; _builder_version=\u00bb4.23.1&#8243; _module_preset=\u00bbdefault\u00bb global_colors_info=\u00bb{}\u00bb][et_pb_text _builder_version=\u00bb4.23.1&#8243; _module_preset=\u00bbdefault\u00bb text_font=\u00bbLato|700|||||||\u00bb text_text_color=\u00bb#002A3E\u00bb text_font_size=\u00bb42px\u00bb text_line_height=\u00bb1.2em\u00bb text_orientation=\u00bbcenter\u00bb custom_margin=\u00bb||13px|||\u00bb text_font_size_tablet=\u00bb\u00bb text_font_size_phone=\u00bb30px\u00bb text_font_size_last_edited=\u00bbon|phone\u00bb locked=\u00bboff\u00bb global_colors_info=\u00bb{}\u00bb]<\/p>\n<p>Tu visi\u00f3n merece una atenci\u00f3n de calidad<\/p>\n<p>[\/et_pb_text][et_pb_text _builder_version=\u00bb4.23.1&#8243; _module_preset=\u00bbdefault\u00bb text_font=\u00bb||||||||\u00bb text_text_color=\u00bbRGBA(0,0,0,0.73)\u00bb text_font_size=\u00bb20px\u00bb text_line_height=\u00bb1.3em\u00bb text_orientation=\u00bbcenter\u00bb width=\u00bb71%\u00bb width_tablet=\u00bb\u00bb width_phone=\u00bb100%\u00bb width_last_edited=\u00bbon|phone\u00bb module_alignment=\u00bbcenter\u00bb locked=\u00bboff\u00bb global_colors_info=\u00bb{}\u00bb]<\/p>\n<p>Estamos para acompa\u00f1arte en cada etapa del cuidado de tu salud visual<\/p>\n<p>[\/et_pb_text][et_pb_button button_url=\u00bbhttps:\/\/wa.me\/+5491168892046&#8243; button_text=\u00bbSOLICIT\u00c1 UN TURNO AQU\u00cd\u00bb button_alignment=\u00bbcenter\u00bb _builder_version=\u00bb4.23.1&#8243; _module_preset=\u00bbdefault\u00bb custom_button=\u00bbon\u00bb button_text_size=\u00bb15px\u00bb button_text_color=\u00bb#FFFFFF\u00bb button_bg_color=\u00bb#009493&#8243; button_border_width=\u00bb6px\u00bb button_border_color=\u00bb#009493&#8243; button_border_radius=\u00bb4px\u00bb button_font=\u00bbLato|700|||||||\u00bb button_icon_color=\u00bb#FFFFFF\u00bb custom_css_main_element=\u00bbtext-decoration:none;\u00bb locked=\u00bboff\u00bb global_colors_info=\u00bb{}\u00bb][\/et_pb_button][\/et_pb_column][\/et_pb_row][et_pb_row _builder_version=\u00bb4.23.1&#8243; _module_preset=\u00bbdefault\u00bb width=\u00bb95%\u00bb max_width=\u00bb100%\u00bb custom_padding=\u00bb||0px||false|false\u00bb global_colors_info=\u00bb{}\u00bb][et_pb_column type=\u00bb4_4&#8243; _builder_version=\u00bb4.23.1&#8243; _module_preset=\u00bbdefault\u00bb global_colors_info=\u00bb{}\u00bb][lwp_image_carousel gallery_ids=\u00bb462,461,460,459,463,458,135,134,133,132,131,126,127,128,129,130&#8243; slides_show=\u00bb6&#8243; slides_scroll=\u00bb3&#8243; show_dots=\u00bboff\u00bb show_arrows=\u00bboff\u00bb autoplay_animation=\u00bbon\u00bb autoplay_animation_speed=\u00bb400ms\u00bb slide_animation_speed=\u00bb1500ms\u00bb infinite_animation=\u00bbon\u00bb css_ease=\u00bblinear\u00bb slides_show_tablet=\u00bb\u00bb slides_show_phone=\u00bb2&#8243; slides_show_last_edited=\u00bbon|phone\u00bb _builder_version=\u00bb4.23.1&#8243; _module_preset=\u00bbdefault\u00bb filter_saturate=\u00bb0%\u00bb filter_opacity=\u00bb54%\u00bb global_colors_info=\u00bb{}\u00bb][\/lwp_image_carousel][\/et_pb_column][\/et_pb_row][\/et_pb_section]<\/p>\n","protected":false},"excerpt":{"rendered":"<p>Maculopathy is a condition that affects central vision due to changes in the macula, the central area of the retina responsible for fine detail vision, such as reading, recognizing faces, and precise visual tasks.<\/p>","protected":false},"author":1,"featured_media":478,"parent":428,"menu_order":0,"comment_status":"closed","ping_status":"closed","template":"","meta":{"_et_pb_use_builder":"on","_et_pb_old_content":"","_et_gb_content_width":"","_joinchat":[],"footnotes":""},"class_list":["post-410","page","type-page","status-publish","has-post-thumbnail","hentry"],"_links":{"self":[{"href":"https:\/\/oip.com.ar\/en\/wp-json\/wp\/v2\/pages\/410","targetHints":{"allow":["GET"]}}],"collection":[{"href":"https:\/\/oip.com.ar\/en\/wp-json\/wp\/v2\/pages"}],"about":[{"href":"https:\/\/oip.com.ar\/en\/wp-json\/wp\/v2\/types\/page"}],"author":[{"embeddable":true,"href":"https:\/\/oip.com.ar\/en\/wp-json\/wp\/v2\/users\/1"}],"replies":[{"embeddable":true,"href":"https:\/\/oip.com.ar\/en\/wp-json\/wp\/v2\/comments?post=410"}],"version-history":[{"count":7,"href":"https:\/\/oip.com.ar\/en\/wp-json\/wp\/v2\/pages\/410\/revisions"}],"predecessor-version":[{"id":762,"href":"https:\/\/oip.com.ar\/en\/wp-json\/wp\/v2\/pages\/410\/revisions\/762"}],"up":[{"embeddable":true,"href":"https:\/\/oip.com.ar\/en\/wp-json\/wp\/v2\/pages\/428"}],"wp:featuredmedia":[{"embeddable":true,"href":"https:\/\/oip.com.ar\/en\/wp-json\/wp\/v2\/media\/478"}],"wp:attachment":[{"href":"https:\/\/oip.com.ar\/en\/wp-json\/wp\/v2\/media?parent=410"}],"curies":[{"name":"wp","href":"https:\/\/api.w.org\/{rel}","templated":true}]}}