{"id":405,"date":"2026-03-12T16:54:15","date_gmt":"2026-03-12T16:54:15","guid":{"rendered":"https:\/\/oip.com.ar\/?page_id=405"},"modified":"2026-04-04T23:28:39","modified_gmt":"2026-04-04T23:28:39","slug":"ojo-seco","status":"publish","type":"page","link":"https:\/\/oip.com.ar\/fr\/especialidades\/ojo-seco\/","title":{"rendered":"Traitement de la s\u00e9cheresse oculaire"},"content":{"rendered":"<p>[et_pb_section fb_built=\u00bb1&#8243; custom_padding_last_edited=\u00bbon|phone\u00bb _builder_version=\u00bb4.23.1&#8243; _module_preset=\u00bbdefault\u00bb background_color=\u00bbrgba(0,148,147,0.06)\u00bb custom_padding=\u00bb57px||58px||false|false\u00bb custom_padding_tablet=\u00bb57px||58px||false|false\u00bb custom_padding_phone=\u00bb0px||||false|false\u00bb global_colors_info=\u00bb{}\u00bb][et_pb_row column_structure=\u00bb1_2,1_2&#8243; _builder_version=\u00bb4.23.1&#8243; _module_preset=\u00bbdefault\u00bb width=\u00bb90%\u00bb max_width=\u00bb1200px\u00bb custom_padding=\u00bb||0px|||\u00bb global_colors_info=\u00bb{}\u00bb][et_pb_column type=\u00bb1_2&#8243; _builder_version=\u00bb4.23.1&#8243; _module_preset=\u00bbdefault\u00bb global_colors_info=\u00bb{}\u00bb][et_pb_text _builder_version=\u00bb4.23.1&#8243; _module_preset=\u00bbdefault\u00bb text_font=\u00bb|700||on|||||\u00bb text_text_color=\u00bb#009493&#8243; text_font_size=\u00bb15px\u00bb background_color=\u00bbrgba(0,148,147,0.15)\u00bb width=\u00bb22%\u00bb width_tablet=\u00bb22%\u00bb width_phone=\u00bb100%\u00bb width_last_edited=\u00bbon|phone\u00bb custom_margin=\u00bb||9px|||\u00bb custom_padding=\u00bb2px||2px|9px|true|false\u00bb global_colors_info=\u00bb{}\u00bb]<\/p>\n<p>Especialidad<\/p>\n<p>[\/et_pb_text][et_pb_text _builder_version=\u00bb4.23.1&#8243; _module_preset=\u00bbdefault\u00bb text_font=\u00bbLato|700|||||||\u00bb text_text_color=\u00bb#002A3E\u00bb text_font_size=\u00bb38px\u00bb text_line_height=\u00bb1.2em\u00bb custom_margin=\u00bb||13px|||\u00bb text_font_size_tablet=\u00bb38px\u00bb text_font_size_phone=\u00bb28px\u00bb text_font_size_last_edited=\u00bbon|phone\u00bb global_colors_info=\u00bb{}\u00bb]<\/p>\n<p>Ojo Seco<\/p>\n<p>[\/et_pb_text][et_pb_text _builder_version=\u00bb4.23.1&#8243; _module_preset=\u00bbdefault\u00bb text_text_color=\u00bbrgba(0,0,0,0.73)\u00bb text_font_size=\u00bb17px\u00bb custom_margin=\u00bb||25px|||\u00bb global_colors_info=\u00bb{}\u00bb body_font_size_phone=\u00bb18px\u00bb body_font_size_last_edited=\u00bbon|phone\u00bb body_font_size_tablet=\u00bb17px\u00bb]El Ojo Seco es una afecci\u00f3n muy frecuente que aparece cuando las l\u00e1grimas naturales no son suficientes para lubricar los ojos de forma adecuada o son de muy mala calidad. <\/p>\n<p>Hay muchas razones que motivan al ojo seco: condiciones laborales, exposici\u00f3n ambiental, alergias, descanso insuficiente, des\u00f3rdenes hormonales (menopausia, por ej), medicaciones, alteraci\u00f3n en la posici\u00f3n de los p\u00e1rpados o de los puntos lagrimales y otras m\u00faltiples enfermedades (diabetes, ros\u00e1cea, artritis reumatoidea, hipo o hipertiroidismo, etc).[\/et_pb_text][et_pb_text _builder_version=\u00bb4.23.1&#8243; _module_preset=\u00bbdefault\u00bb text_font=\u00bb|600|||||||\u00bb text_text_color=\u00bb#000000&#8243; text_font_size=\u00bb17px\u00bb text_line_height=\u00bb1.9em\u00bb custom_margin=\u00bb7px||10px||false|false\u00bb locked=\u00bboff\u00bb global_colors_info=\u00bb{}\u00bb]S\u00edntomas frecuentes[\/et_pb_text][et_pb_blurb title=\u00bbSensaci\u00f3n de ardor, picaz\u00f3n o pinchazos en los ojos\u00bb use_icon=\u00bbon\u00bb font_icon=\u00bb&#xf00c;||fa||900&#8243; icon_color=\u00bb#009493&#8243; icon_placement=\u00bbleft\u00bb image_icon_width=\u00bb21px\u00bb _builder_version=\u00bb4.23.1&#8243; _module_preset=\u00bbdefault\u00bb header_font=\u00bb||||||||\u00bb header_font_size=\u00bb16px\u00bb header_line_height=\u00bb1.2em\u00bb body_text_color=\u00bbRGBA(0,0,0,0.73)\u00bb body_font_size=\u00bb16px\u00bb body_line_height=\u00bb1.4em\u00bb custom_margin=\u00bb||3px|||\u00bb global_colors_info=\u00bb{}\u00bb][\/et_pb_blurb][et_pb_blurb title=\u00bbSensaci\u00f3n de arenilla o cuerpo extra\u00f1o\u00bb use_icon=\u00bbon\u00bb font_icon=\u00bb&#xf00c;||fa||900&#8243; icon_color=\u00bb#009493&#8243; icon_placement=\u00bbleft\u00bb image_icon_width=\u00bb21px\u00bb _builder_version=\u00bb4.23.1&#8243; _module_preset=\u00bbdefault\u00bb header_font=\u00bb||||||||\u00bb header_font_size=\u00bb16px\u00bb header_line_height=\u00bb1.2em\u00bb body_text_color=\u00bbRGBA(0,0,0,0.73)\u00bb body_font_size=\u00bb16px\u00bb body_line_height=\u00bb1.4em\u00bb custom_margin=\u00bb||3px|||\u00bb global_colors_info=\u00bb{}\u00bb][\/et_pb_blurb][et_pb_blurb title=\u00bbEnrojecimiento ocular\u00bb use_icon=\u00bbon\u00bb font_icon=\u00bb&#xf00c;||fa||900&#8243; icon_color=\u00bb#009493&#8243; icon_placement=\u00bbleft\u00bb image_icon_width=\u00bb21px\u00bb _builder_version=\u00bb4.23.1&#8243; _module_preset=\u00bbdefault\u00bb header_font=\u00bb||||||||\u00bb header_font_size=\u00bb16px\u00bb header_line_height=\u00bb1.2em\u00bb body_text_color=\u00bbRGBA(0,0,0,0.73)\u00bb body_font_size=\u00bb16px\u00bb body_line_height=\u00bb1.4em\u00bb custom_margin=\u00bb||3px|||\u00bb global_colors_info=\u00bb{}\u00bb][\/et_pb_blurb][et_pb_blurb title=\u00bbSensibilidad a la luz\u00bb use_icon=\u00bbon\u00bb font_icon=\u00bb&#xf00c;||fa||900&#8243; icon_color=\u00bb#009493&#8243; icon_placement=\u00bbleft\u00bb image_icon_width=\u00bb21px\u00bb _builder_version=\u00bb4.23.1&#8243; _module_preset=\u00bbdefault\u00bb header_font=\u00bb||||||||\u00bb header_font_size=\u00bb16px\u00bb header_line_height=\u00bb1.2em\u00bb body_text_color=\u00bbRGBA(0,0,0,0.73)\u00bb body_font_size=\u00bb16px\u00bb body_line_height=\u00bb1.4em\u00bb custom_margin=\u00bb||3px|||\u00bb global_colors_info=\u00bb{}\u00bb][\/et_pb_blurb][et_pb_blurb title=\u00bbOjos llorosos\u00bb use_icon=\u00bbon\u00bb font_icon=\u00bb&#xf00c;||fa||900&#8243; icon_color=\u00bb#009493&#8243; icon_placement=\u00bbleft\u00bb image_icon_width=\u00bb21px\u00bb _builder_version=\u00bb4.23.1&#8243; _module_preset=\u00bbdefault\u00bb header_font=\u00bb||||||||\u00bb header_font_size=\u00bb16px\u00bb header_line_height=\u00bb1.2em\u00bb body_text_color=\u00bbRGBA(0,0,0,0.73)\u00bb body_font_size=\u00bb16px\u00bb body_line_height=\u00bb1.4em\u00bb custom_margin=\u00bb||3px|||\u00bb global_colors_info=\u00bb{}\u00bb][\/et_pb_blurb][et_pb_blurb title=\u00bbVisi\u00f3n borrosa o fatiga ocular\u00bb use_icon=\u00bbon\u00bb font_icon=\u00bb&#xf00c;||fa||900&#8243; icon_color=\u00bb#009493&#8243; icon_placement=\u00bbleft\u00bb image_icon_width=\u00bb21px\u00bb _builder_version=\u00bb4.23.1&#8243; _module_preset=\u00bbdefault\u00bb header_font=\u00bb||||||||\u00bb header_font_size=\u00bb16px\u00bb header_line_height=\u00bb1.2em\u00bb body_text_color=\u00bbRGBA(0,0,0,0.73)\u00bb body_font_size=\u00bb16px\u00bb body_line_height=\u00bb1.4em\u00bb custom_margin=\u00bb||3px|||\u00bb global_colors_info=\u00bb{}\u00bb][\/et_pb_blurb][et_pb_blurb title=\u00bbDificultad para usar lentes de contacto\u00bb use_icon=\u00bbon\u00bb font_icon=\u00bb&#xf00c;||fa||900&#8243; icon_color=\u00bb#009493&#8243; icon_placement=\u00bbleft\u00bb image_icon_width=\u00bb21px\u00bb _builder_version=\u00bb4.23.1&#8243; _module_preset=\u00bbdefault\u00bb header_font=\u00bb||||||||\u00bb header_font_size=\u00bb16px\u00bb header_line_height=\u00bb1.2em\u00bb body_text_color=\u00bbRGBA(0,0,0,0.73)\u00bb body_font_size=\u00bb16px\u00bb body_line_height=\u00bb1.4em\u00bb custom_margin=\u00bb||3px|||\u00bb global_colors_info=\u00bb{}\u00bb][\/et_pb_blurb][et_pb_blurb title=\u00bbMolestias al conducir de noche\u00bb use_icon=\u00bbon\u00bb font_icon=\u00bb&#xf00c;||fa||900&#8243; icon_color=\u00bb#009493&#8243; icon_placement=\u00bbleft\u00bb image_icon_width=\u00bb21px\u00bb _builder_version=\u00bb4.23.1&#8243; _module_preset=\u00bbdefault\u00bb header_font=\u00bb||||||||\u00bb header_font_size=\u00bb16px\u00bb header_line_height=\u00bb1.2em\u00bb body_text_color=\u00bbRGBA(0,0,0,0.73)\u00bb body_font_size=\u00bb16px\u00bb body_line_height=\u00bb1.4em\u00bb custom_margin=\u00bb||3px|||\u00bb global_colors_info=\u00bb{}\u00bb][\/et_pb_blurb][et_pb_button button_url=\u00bbhttps:\/\/wa.me\/+5491168892046&#8243; button_text=\u00bbSOLICIT\u00c1 UN TURNO AQU\u00cd\u00bb button_alignment=\u00bbleft\u00bb _builder_version=\u00bb4.23.1&#8243; _module_preset=\u00bbdefault\u00bb custom_button=\u00bbon\u00bb button_text_size=\u00bb15px\u00bb button_text_color=\u00bb#FFFFFF\u00bb button_bg_color=\u00bb#009493&#8243; button_border_width=\u00bb6px\u00bb button_border_color=\u00bb#009493&#8243; button_border_radius=\u00bb4px\u00bb button_font=\u00bbLato|700|||||||\u00bb button_icon_color=\u00bb#FFFFFF\u00bb custom_margin=\u00bb18px|||50px|false|false\u00bb custom_padding=\u00bb||||false|false\u00bb custom_css_main_element=\u00bbtext-decoration:none;\u00bb locked=\u00bboff\u00bb global_colors_info=\u00bb{}\u00bb][\/et_pb_button][\/et_pb_column][et_pb_column type=\u00bb1_2&#8243; _builder_version=\u00bb4.23.1&#8243; _module_preset=\u00bbdefault\u00bb sticky_limit_bottom=\u00bbrow\u00bb global_colors_info=\u00bb{}\u00bb][dsm_card_carousel slide_to_show=\u00bb1&#8243; speed=\u00bb500&#8243; autoplay_speed=\u00bb1500&#8243; pause_on_hover=\u00bbon\u00bb arrow_color=\u00bb#002A3E\u00bb badge_background_color=\u00bb#009493&#8243; _builder_version=\u00bb4.23.1&#8243; _module_preset=\u00bbdefault\u00bb badge_text_color=\u00bb#FFFFFF\u00bb hover_enabled=\u00bb0&#8243; global_colors_info=\u00bb{}\u00bb locked=\u00bboff\u00bb sticky_enabled=\u00bb0&#8243; dots=\u00bboff\u00bb][dsm_card_carousel_child image=\u00bbhttps:\/\/oip.com.ar\/wp-content\/uploads\/2026\/04\/47.png\u00bb image_as_background=\u00bboff\u00bb button_url_new_window=\u00bb1&#8243; _builder_version=\u00bb4.23.1&#8243; _module_preset=\u00bbdefault\u00bb hover_enabled=\u00bb0&#8243; global_colors_info=\u00bb{}\u00bb parent_button=\u00bboff\u00bb parent_header_level=\u00bbh4&#8243; title_text=\u00bb47&#8243; sticky_enabled=\u00bb0&#8243;][\/dsm_card_carousel_child][dsm_card_carousel_child image=\u00bbhttps:\/\/oip.com.ar\/wp-content\/uploads\/2026\/04\/48.png\u00bb image_as_background=\u00bboff\u00bb button_url_new_window=\u00bb1&#8243; _builder_version=\u00bb4.23.1&#8243; _module_preset=\u00bbdefault\u00bb hover_enabled=\u00bb0&#8243; global_colors_info=\u00bb{}\u00bb parent_button=\u00bboff\u00bb parent_header_level=\u00bbh4&#8243; title_text=\u00bb48&#8243; sticky_enabled=\u00bb0&#8243;][\/dsm_card_carousel_child][\/dsm_card_carousel][\/et_pb_column][\/et_pb_row][\/et_pb_section][et_pb_section fb_built=\u00bb1&#8243; _builder_version=\u00bb4.23.1&#8243; _module_preset=\u00bbdefault\u00bb custom_padding=\u00bb51px||13px||false|\u00bb global_colors_info=\u00bb{}\u00bb][et_pb_row _builder_version=\u00bb4.23.1&#8243; _module_preset=\u00bbdefault\u00bb width=\u00bb90%\u00bb max_width=\u00bb1200px\u00bb custom_margin=\u00bb|auto|24px|auto||\u00bb custom_padding=\u00bb0px||0px|||\u00bb global_colors_info=\u00bb{}\u00bb][et_pb_column type=\u00bb4_4&#8243; _builder_version=\u00bb4.23.1&#8243; _module_preset=\u00bbdefault\u00bb global_colors_info=\u00bb{}\u00bb][et_pb_text _builder_version=\u00bb4.23.1&#8243; _module_preset=\u00bbdefault\u00bb text_font=\u00bbLato|700|||||||\u00bb text_text_color=\u00bb#002A3E\u00bb text_font_size=\u00bb40px\u00bb text_line_height=\u00bb1.3em\u00bb text_orientation=\u00bbcenter\u00bb width=\u00bb67%\u00bb width_tablet=\u00bb67%\u00bb width_phone=\u00bb100%\u00bb width_last_edited=\u00bbon|phone\u00bb module_alignment=\u00bbcenter\u00bb custom_margin=\u00bb||10px|||\u00bb text_font_size_tablet=\u00bb40px\u00bb text_font_size_phone=\u00bb30px\u00bb text_font_size_last_edited=\u00bbon|phone\u00bb locked=\u00bboff\u00bb global_colors_info=\u00bb{}\u00bb]\u00bfC\u00f3mo se trata el ojo seco?[\/et_pb_text][\/et_pb_column][\/et_pb_row][\/et_pb_section][et_pb_section fb_built=\u00bb1&#8243; _builder_version=\u00bb4.23.1&#8243; _module_preset=\u00bbdefault\u00bb custom_padding=\u00bb1px||21px|||\u00bb global_colors_info=\u00bb{}\u00bb][et_pb_row column_structure=\u00bb1_3,1_3,1_3&#8243; use_custom_gutter=\u00bbon\u00bb gutter_width=\u00bb2&#8243; make_equal=\u00bbon\u00bb disabled_on=\u00bboff|off|off\u00bb _builder_version=\u00bb4.23.1&#8243; _module_preset=\u00bbdefault\u00bb width=\u00bb100%\u00bb width_tablet=\u00bb100%\u00bb width_phone=\u00bb100%\u00bb width_last_edited=\u00bbon|desktop\u00bb max_width=\u00bb1200px\u00bb custom_padding=\u00bb0px|||||\u00bb global_colors_info=\u00bb{}\u00bb][et_pb_column type=\u00bb1_3&#8243; _builder_version=\u00bb4.23.1&#8243; _module_preset=\u00bbdefault\u00bb global_colors_info=\u00bb{}\u00bb][et_pb_blurb title=\u00bbDiagn\u00f3stico\u00bb image=\u00bbhttps:\/\/oip.com.ar\/wp-content\/uploads\/2026\/02\/vision-1.png\u00bb image_icon_width=\u00bb60px\u00bb _builder_version=\u00bb4.23.1&#8243; _module_preset=\u00bbdefault\u00bb header_font=\u00bb|600|||||||\u00bb header_text_align=\u00bbcenter\u00bb header_text_color=\u00bb#000000&#8243; header_font_size=\u00bb18px\u00bb body_text_align=\u00bbcenter\u00bb body_text_color=\u00bbRGBA(0,0,0,0.73)\u00bb body_font_size=\u00bb17px\u00bb body_line_height=\u00bb1.3em\u00bb custom_margin=\u00bb||16px|||\u00bb body_font_size_tablet=\u00bb17px\u00bb body_font_size_phone=\u00bb18px\u00bb body_font_size_last_edited=\u00bbon|phone\u00bb custom_css_blurb_title=\u00bbmargin-top:-10px\u00bb locked=\u00bboff\u00bb global_colors_info=\u00bb{}\u00bb]Se eval\u00faa la producci\u00f3n y calidad de la l\u00e1grima para identificar la causa del ojo seco.[\/et_pb_blurb][\/et_pb_column][et_pb_column type=\u00bb1_3&#8243; _builder_version=\u00bb4.23.1&#8243; _module_preset=\u00bbdefault\u00bb global_colors_info=\u00bb{}\u00bb][et_pb_blurb title=\u00bbTratamiento\u00bb image=\u00bbhttps:\/\/oip.com.ar\/wp-content\/uploads\/2026\/03\/eye-drops.png\u00bb image_icon_width=\u00bb60px\u00bb _builder_version=\u00bb4.23.1&#8243; _module_preset=\u00bbdefault\u00bb header_font=\u00bb|600|||||||\u00bb header_text_align=\u00bbcenter\u00bb header_text_color=\u00bb#000000&#8243; header_font_size=\u00bb18px\u00bb body_text_align=\u00bbcenter\u00bb body_text_color=\u00bbRGBA(0,0,0,0.73)\u00bb body_font_size=\u00bb17px\u00bb body_line_height=\u00bb1.3em\u00bb custom_margin=\u00bb||16px|||\u00bb body_font_size_tablet=\u00bb17px\u00bb body_font_size_phone=\u00bb18px\u00bb body_font_size_last_edited=\u00bbon|phone\u00bb custom_css_blurb_title=\u00bbmargin-top:-10px\u00bb locked=\u00bboff\u00bb global_colors_info=\u00bb{}\u00bb]<\/p>\n<p>El tratamiento puede incluir l\u00e1grimas artificiales, cambios en h\u00e1bitos visuales o tratamientos espec\u00edficos seg\u00fan la causa.<\/p>\n<p>[\/et_pb_blurb][\/et_pb_column][et_pb_column type=\u00bb1_3&#8243; _builder_version=\u00bb4.23.1&#8243; _module_preset=\u00bbdefault\u00bb global_colors_info=\u00bb{}\u00bb][et_pb_blurb title=\u00bbProtecci\u00f3n ocular\u00bb image=\u00bbhttps:\/\/oip.com.ar\/wp-content\/uploads\/2026\/03\/protection.png\u00bb image_icon_width=\u00bb60px\u00bb _builder_version=\u00bb4.23.1&#8243; _module_preset=\u00bbdefault\u00bb header_font=\u00bb|600|||||||\u00bb header_text_align=\u00bbcenter\u00bb header_text_color=\u00bb#000000&#8243; header_font_size=\u00bb18px\u00bb body_text_align=\u00bbcenter\u00bb body_text_color=\u00bbRGBA(0,0,0,0.73)\u00bb body_font_size=\u00bb17px\u00bb body_line_height=\u00bb1.3em\u00bb custom_margin=\u00bb||16px|||\u00bb body_font_size_tablet=\u00bb17px\u00bb body_font_size_phone=\u00bb18px\u00bb body_font_size_last_edited=\u00bbon|phone\u00bb custom_css_blurb_title=\u00bbmargin-top:-10px\u00bb locked=\u00bboff\u00bb global_colors_info=\u00bb{}\u00bb]El objetivo del tratamiento es mejorar la lubricaci\u00f3n del ojo, aliviar los s\u00edntomas y proteger la salud ocular a largo plazo.[\/et_pb_blurb][\/et_pb_column][\/et_pb_row][\/et_pb_section][et_pb_section fb_built=\u00bb1&#8243; _builder_version=\u00bb4.23.1&#8243; _module_preset=\u00bbdefault\u00bb background_color=\u00bb#009493&#8243; custom_padding=\u00bb0px||0px||true|false\u00bb global_colors_info=\u00bb{}\u00bb][et_pb_row use_custom_gutter=\u00bbon\u00bb gutter_width=\u00bb2&#8243; make_equal=\u00bbon\u00bb disabled_on=\u00bboff|off|off\u00bb _builder_version=\u00bb4.23.1&#8243; _module_preset=\u00bbdefault\u00bb width=\u00bb90%\u00bb max_width=\u00bb1200px\u00bb locked=\u00bboff\u00bb global_colors_info=\u00bb{}\u00bb][et_pb_column type=\u00bb4_4&#8243; _builder_version=\u00bb4.23.1&#8243; _module_preset=\u00bbdefault\u00bb background_color=\u00bb#009493&#8243; custom_padding=\u00bb20px|0px|20px|0px|true|true\u00bb border_radii=\u00bbon|5px|5px|5px|5px\u00bb global_colors_info=\u00bb{}\u00bb][et_pb_text _builder_version=\u00bb4.23.1&#8243; _module_preset=\u00bbdefault\u00bb text_text_color=\u00bb#FFFFFF\u00bb text_font_size=\u00bb22px\u00bb text_line_height=\u00bb1.4em\u00bb header_4_font=\u00bb|700|||||||\u00bb header_4_text_color=\u00bb#FFFFFF\u00bb header_4_font_size=\u00bb21px\u00bb header_4_line_height=\u00bb1.2em\u00bb background_color=\u00bb#009493&#8243; text_orientation=\u00bbcenter\u00bb custom_margin=\u00bb||2px|||\u00bb custom_padding=\u00bb1.9%|5%|1.9%|5%|true|true\u00bb text_font_size_tablet=\u00bb22px\u00bb text_font_size_phone=\u00bb20px\u00bb text_font_size_last_edited=\u00bbon|phone\u00bb custom_css_main_element=\u00bbdisplay: flex;||align-items: center;\u00bb locked=\u00bboff\u00bb global_colors_info=\u00bb{}\u00bb]Ante s\u00edntomas persistentes de irritaci\u00f3n ocular, sequedad o visi\u00f3n borrosa, es importante realizar una evaluaci\u00f3n oftalmol\u00f3gica para diagnosticar correctamente el ojo seco y definir el tratamiento adecuado.[\/et_pb_text][\/et_pb_column][\/et_pb_row][\/et_pb_section][et_pb_section fb_built=\u00bb1&#8243; _builder_version=\u00bb4.23.1&#8243; _module_preset=\u00bbdefault\u00bb custom_padding=\u00bb||30px||false|false\u00bb global_module=\u00bb353&#8243; global_colors_info=\u00bb{}\u00bb][et_pb_row _builder_version=\u00bb4.23.1&#8243; _module_preset=\u00bbdefault\u00bb width=\u00bb90%\u00bb max_width=\u00bb1200px\u00bb custom_padding=\u00bb0px|||||\u00bb locked=\u00bboff\u00bb global_colors_info=\u00bb{}\u00bb][et_pb_column type=\u00bb4_4&#8243; _builder_version=\u00bb4.23.1&#8243; _module_preset=\u00bbdefault\u00bb global_colors_info=\u00bb{}\u00bb][et_pb_text _builder_version=\u00bb4.23.1&#8243; _module_preset=\u00bbdefault\u00bb text_font=\u00bbLato|700|||||||\u00bb text_text_color=\u00bb#002A3E\u00bb text_font_size=\u00bb42px\u00bb text_line_height=\u00bb1.2em\u00bb text_orientation=\u00bbcenter\u00bb custom_margin=\u00bb||13px|||\u00bb text_font_size_tablet=\u00bb\u00bb text_font_size_phone=\u00bb30px\u00bb text_font_size_last_edited=\u00bbon|phone\u00bb locked=\u00bboff\u00bb global_colors_info=\u00bb{}\u00bb]<\/p>\n<p>Lo que opinan nuestos pacientes<\/p>\n<p>[\/et_pb_text][et_pb_code _builder_version=\u00bb4.23.1&#8243; _module_preset=\u00bbdefault\u00bb custom_padding=\u00bb30px||||false|false\u00bb global_colors_info=\u00bb{}\u00bb]<script src=\"https:\/\/elfsightcdn.com\/platform.js\" async><\/script><!-- [et_pb_line_break_holder] --><\/p>\n<div class=\"elfsight-app-dd144b8b-9f51-4abb-b4eb-36235c2c0e46\" data-elfsight-app-lazy><\/div>\n<p>[\/et_pb_code][\/et_pb_column][\/et_pb_row][et_pb_row _builder_version=\u00bb4.23.1&#8243; _module_preset=\u00bbdefault\u00bb width=\u00bb90%\u00bb max_width=\u00bb1200px\u00bb custom_padding=\u00bb0px|||||\u00bb locked=\u00bboff\u00bb global_colors_info=\u00bb{}\u00bb][et_pb_column type=\u00bb4_4&#8243; _builder_version=\u00bb4.23.1&#8243; _module_preset=\u00bbdefault\u00bb global_colors_info=\u00bb{}\u00bb][et_pb_text _builder_version=\u00bb4.23.1&#8243; _module_preset=\u00bbdefault\u00bb text_font=\u00bbLato|700|||||||\u00bb text_text_color=\u00bb#002A3E\u00bb text_font_size=\u00bb42px\u00bb text_line_height=\u00bb1.2em\u00bb text_orientation=\u00bbcenter\u00bb custom_margin=\u00bb||13px|||\u00bb text_font_size_tablet=\u00bb\u00bb text_font_size_phone=\u00bb30px\u00bb text_font_size_last_edited=\u00bbon|phone\u00bb locked=\u00bboff\u00bb global_colors_info=\u00bb{}\u00bb]<\/p>\n<p>Tu visi\u00f3n merece una atenci\u00f3n de calidad<\/p>\n<p>[\/et_pb_text][et_pb_text _builder_version=\u00bb4.23.1&#8243; _module_preset=\u00bbdefault\u00bb text_font=\u00bb||||||||\u00bb text_text_color=\u00bbRGBA(0,0,0,0.73)\u00bb text_font_size=\u00bb20px\u00bb text_line_height=\u00bb1.3em\u00bb text_orientation=\u00bbcenter\u00bb width=\u00bb71%\u00bb width_tablet=\u00bb\u00bb width_phone=\u00bb100%\u00bb width_last_edited=\u00bbon|phone\u00bb module_alignment=\u00bbcenter\u00bb locked=\u00bboff\u00bb global_colors_info=\u00bb{}\u00bb]<\/p>\n<p>Estamos para acompa\u00f1arte en cada etapa del cuidado de tu salud visual<\/p>\n<p>[\/et_pb_text][et_pb_button button_url=\u00bbhttps:\/\/wa.me\/+5491168892046&#8243; button_text=\u00bbSOLICIT\u00c1 UN TURNO AQU\u00cd\u00bb button_alignment=\u00bbcenter\u00bb _builder_version=\u00bb4.23.1&#8243; _module_preset=\u00bbdefault\u00bb custom_button=\u00bbon\u00bb button_text_size=\u00bb15px\u00bb button_text_color=\u00bb#FFFFFF\u00bb button_bg_color=\u00bb#009493&#8243; button_border_width=\u00bb6px\u00bb button_border_color=\u00bb#009493&#8243; button_border_radius=\u00bb4px\u00bb button_font=\u00bbLato|700|||||||\u00bb button_icon_color=\u00bb#FFFFFF\u00bb custom_css_main_element=\u00bbtext-decoration:none;\u00bb locked=\u00bboff\u00bb global_colors_info=\u00bb{}\u00bb][\/et_pb_button][\/et_pb_column][\/et_pb_row][et_pb_row _builder_version=\u00bb4.23.1&#8243; _module_preset=\u00bbdefault\u00bb width=\u00bb95%\u00bb max_width=\u00bb100%\u00bb custom_padding=\u00bb||0px||false|false\u00bb global_colors_info=\u00bb{}\u00bb][et_pb_column type=\u00bb4_4&#8243; _builder_version=\u00bb4.23.1&#8243; _module_preset=\u00bbdefault\u00bb global_colors_info=\u00bb{}\u00bb][lwp_image_carousel gallery_ids=\u00bb462,461,460,459,463,458,135,134,133,132,131,126,127,128,129,130&#8243; slides_show=\u00bb6&#8243; slides_scroll=\u00bb3&#8243; show_dots=\u00bboff\u00bb show_arrows=\u00bboff\u00bb autoplay_animation=\u00bbon\u00bb autoplay_animation_speed=\u00bb400ms\u00bb slide_animation_speed=\u00bb1500ms\u00bb infinite_animation=\u00bbon\u00bb css_ease=\u00bblinear\u00bb slides_show_tablet=\u00bb\u00bb slides_show_phone=\u00bb2&#8243; slides_show_last_edited=\u00bbon|phone\u00bb _builder_version=\u00bb4.23.1&#8243; _module_preset=\u00bbdefault\u00bb filter_saturate=\u00bb0%\u00bb filter_opacity=\u00bb54%\u00bb global_colors_info=\u00bb{}\u00bb][\/lwp_image_carousel][\/et_pb_column][\/et_pb_row][\/et_pb_section]<\/p>\n","protected":false},"excerpt":{"rendered":"<p>La s\u00e9cheresse oculaire est une affection tr\u00e8s fr\u00e9quente qui survient lorsque les larmes naturelles ne sont pas suffisantes pour lubrifier correctement les yeux ou sont de mauvaise qualit\u00e9.<\/p>","protected":false},"author":1,"featured_media":583,"parent":428,"menu_order":0,"comment_status":"closed","ping_status":"closed","template":"","meta":{"_et_pb_use_builder":"on","_et_pb_old_content":"","_et_gb_content_width":"","_joinchat":[],"footnotes":""},"class_list":["post-405","page","type-page","status-publish","has-post-thumbnail","hentry"],"_links":{"self":[{"href":"https:\/\/oip.com.ar\/fr\/wp-json\/wp\/v2\/pages\/405","targetHints":{"allow":["GET"]}}],"collection":[{"href":"https:\/\/oip.com.ar\/fr\/wp-json\/wp\/v2\/pages"}],"about":[{"href":"https:\/\/oip.com.ar\/fr\/wp-json\/wp\/v2\/types\/page"}],"author":[{"embeddable":true,"href":"https:\/\/oip.com.ar\/fr\/wp-json\/wp\/v2\/users\/1"}],"replies":[{"embeddable":true,"href":"https:\/\/oip.com.ar\/fr\/wp-json\/wp\/v2\/comments?post=405"}],"version-history":[{"count":7,"href":"https:\/\/oip.com.ar\/fr\/wp-json\/wp\/v2\/pages\/405\/revisions"}],"predecessor-version":[{"id":759,"href":"https:\/\/oip.com.ar\/fr\/wp-json\/wp\/v2\/pages\/405\/revisions\/759"}],"up":[{"embeddable":true,"href":"https:\/\/oip.com.ar\/fr\/wp-json\/wp\/v2\/pages\/428"}],"wp:featuredmedia":[{"embeddable":true,"href":"https:\/\/oip.com.ar\/fr\/wp-json\/wp\/v2\/media\/583"}],"wp:attachment":[{"href":"https:\/\/oip.com.ar\/fr\/wp-json\/wp\/v2\/media?parent=405"}],"curies":[{"name":"wp","href":"https:\/\/api.w.org\/{rel}","templated":true}]}}