{"id":428,"date":"2026-03-12T17:31:39","date_gmt":"2026-03-12T17:31:39","guid":{"rendered":"https:\/\/oip.com.ar\/?page_id=428"},"modified":"2026-03-12T19:03:33","modified_gmt":"2026-03-12T19:03:33","slug":"especialidades","status":"publish","type":"page","link":"https:\/\/oip.com.ar\/fr\/especialidades\/","title":{"rendered":"Sp\u00e9cialit\u00e9s"},"content":{"rendered":"<p>[et_pb_section fb_built=\u00bb1&#8243; _builder_version=\u00bb4.23.1&#8243; _module_preset=\u00bbdefault\u00bb hover_enabled=\u00bb0&#8243; global_colors_info=\u00bb{}\u00bb sticky_enabled=\u00bb0&#8243;][et_pb_row _builder_version=\u00bb4.23.1&#8243; _module_preset=\u00bbdefault\u00bb hover_enabled=\u00bb0&#8243; global_colors_info=\u00bb{}\u00bb width=\u00bb90%\u00bb max_width=\u00bb1200px\u00bb sticky_enabled=\u00bb0&#8243; custom_padding=\u00bb0px||0px||true|false\u00bb][et_pb_column type=\u00bb4_4&#8243; _builder_version=\u00bb4.23.1&#8243; _module_preset=\u00bbdefault\u00bb global_colors_info=\u00bb{}\u00bb][et_pb_code _builder_version=\u00bb4.23.1&#8243; _module_preset=\u00bbdefault\u00bb global_colors_info=\u00bb{}\u00bb]    <div class=\"grid-especialidades\">\n                    <article class=\"grid-especialidad-card\">\n                <a href=\"https:\/\/oip.com.ar\/fr\/especialidades\/cirugia-plastica-ocular\/\" class=\"grid-especialidad-link\">\n                                            <div class=\"grid-especialidad-thumb\">\n                            <img loading=\"lazy\" decoding=\"async\" width=\"600\" height=\"800\" src=\"https:\/\/oip.com.ar\/wp-content\/uploads\/2026\/03\/polisky.jpg\" class=\"attachment-large size-large wp-post-image\" alt=\"\" srcset=\"https:\/\/oip.com.ar\/wp-content\/uploads\/2026\/03\/polisky.jpg 600w, https:\/\/oip.com.ar\/wp-content\/uploads\/2026\/03\/polisky-480x640.jpg 480w\" sizes=\"auto, (min-width: 0px) and (max-width: 480px) 480px, (min-width: 481px) 600px, 100vw\" \/>                        <\/div>\n                    \n                    <div class=\"grid-especialidad-content\">\n                        <h3>Cirug\u00eda Pl\u00e1stica Ocular<\/h3>\n                        <p>\n                            La oculoplastia es una subespecialidad de la oftalmolog\u00eda que se enfoca en la cirug\u00eda est\u00e9tica y reconstructiva de las estructuras que                        <\/p>\n                        <span class=\"grid-especialidad-btn\">Ver especialidad<\/span>\n                    <\/div>\n                <\/a>\n            <\/article>\n                    <article class=\"grid-especialidad-card\">\n                <a href=\"https:\/\/oip.com.ar\/fr\/especialidades\/cirugia-de-parpados\/\" class=\"grid-especialidad-link\">\n                                            <div class=\"grid-especialidad-thumb\">\n                            <img loading=\"lazy\" decoding=\"async\" width=\"600\" height=\"800\" src=\"https:\/\/oip.com.ar\/wp-content\/uploads\/2026\/04\/39.png\" class=\"attachment-large size-large wp-post-image\" alt=\"\" srcset=\"https:\/\/oip.com.ar\/wp-content\/uploads\/2026\/04\/39.png 600w, https:\/\/oip.com.ar\/wp-content\/uploads\/2026\/04\/39-480x640.png 480w\" sizes=\"auto, (min-width: 0px) and (max-width: 480px) 480px, (min-width: 481px) 600px, 100vw\" \/>                        <\/div>\n                    \n                    <div class=\"grid-especialidad-content\">\n                        <h3>Cirug\u00eda de p\u00e1rpados<\/h3>\n                        <p>\n                            La cirug\u00eda de p\u00e1rpados o blefaroplastia permite corregir el exceso de piel y las \u00abbolsas de grasa\u00bb de los p\u00e1rpados que dan a la mirada y a la                        <\/p>\n                        <span class=\"grid-especialidad-btn\">Ver especialidad<\/span>\n                    <\/div>\n                <\/a>\n            <\/article>\n                    <article class=\"grid-especialidad-card\">\n                <a href=\"https:\/\/oip.com.ar\/fr\/especialidades\/ptosis-palpebral\/\" class=\"grid-especialidad-link\">\n                                            <div class=\"grid-especialidad-thumb\">\n                            <img loading=\"lazy\" decoding=\"async\" width=\"600\" height=\"800\" src=\"https:\/\/oip.com.ar\/wp-content\/uploads\/2026\/04\/42.png\" class=\"attachment-large size-large wp-post-image\" alt=\"\" srcset=\"https:\/\/oip.com.ar\/wp-content\/uploads\/2026\/04\/42.png 600w, https:\/\/oip.com.ar\/wp-content\/uploads\/2026\/04\/42-480x640.png 480w\" sizes=\"auto, (min-width: 0px) and (max-width: 480px) 480px, (min-width: 481px) 600px, 100vw\" \/>                        <\/div>\n                    \n                    <div class=\"grid-especialidad-content\">\n                        <h3>Ptosis Palpebral<\/h3>\n                        <p>\n                            La ptosis palpebral es la ca\u00edda del p\u00e1rpado superior, que puede ser parcial o total, afectando uno o ambos ojos y que puede llegar a limitar                        <\/p>\n                        <span class=\"grid-especialidad-btn\">Ver especialidad<\/span>\n                    <\/div>\n                <\/a>\n            <\/article>\n                    <article class=\"grid-especialidad-card\">\n                <a href=\"https:\/\/oip.com.ar\/fr\/especialidades\/entropion-y-ectropion\/\" class=\"grid-especialidad-link\">\n                                            <div class=\"grid-especialidad-thumb\">\n                            <img loading=\"lazy\" decoding=\"async\" width=\"600\" height=\"800\" src=\"https:\/\/oip.com.ar\/wp-content\/uploads\/2026\/04\/46.png\" class=\"attachment-large size-large wp-post-image\" alt=\"\" srcset=\"https:\/\/oip.com.ar\/wp-content\/uploads\/2026\/04\/46.png 600w, https:\/\/oip.com.ar\/wp-content\/uploads\/2026\/04\/46-480x640.png 480w\" sizes=\"auto, (min-width: 0px) and (max-width: 480px) 480px, (min-width: 481px) 600px, 100vw\" \/>                        <\/div>\n                    \n                    <div class=\"grid-especialidad-content\">\n                        <h3>Entropi\u00f3n y ectropi\u00f3n<\/h3>\n                        <p>\n                            El entropi\u00f3n es una afecci\u00f3n en la que el borde del p\u00e1rpado, generalmente el inferior, se invierte hacia adentro, provocando que las                        <\/p>\n                        <span class=\"grid-especialidad-btn\">Ver especialidad<\/span>\n                    <\/div>\n                <\/a>\n            <\/article>\n                    <article class=\"grid-especialidad-card\">\n                <a href=\"https:\/\/oip.com.ar\/fr\/especialidades\/tumores-de-parpado\/\" class=\"grid-especialidad-link\">\n                                            <div class=\"grid-especialidad-thumb\">\n                            <img loading=\"lazy\" decoding=\"async\" width=\"600\" height=\"800\" src=\"https:\/\/oip.com.ar\/wp-content\/uploads\/2026\/03\/26.png\" class=\"attachment-large size-large wp-post-image\" alt=\"\" srcset=\"https:\/\/oip.com.ar\/wp-content\/uploads\/2026\/03\/26.png 600w, https:\/\/oip.com.ar\/wp-content\/uploads\/2026\/03\/26-480x640.png 480w\" sizes=\"auto, (min-width: 0px) and (max-width: 480px) 480px, (min-width: 481px) 600px, 100vw\" \/>                        <\/div>\n                    \n                    <div class=\"grid-especialidad-content\">\n                        <h3>Tumores de p\u00e1rpado<\/h3>\n                        <p>\n                            Los tumores de p\u00e1rpado son lesiones que se desarrollan en los p\u00e1rpados o en la piel que rodea los ojos, conocida como regi\u00f3n                        <\/p>\n                        <span class=\"grid-especialidad-btn\">Ver especialidad<\/span>\n                    <\/div>\n                <\/a>\n            <\/article>\n                    <article class=\"grid-especialidad-card\">\n                <a href=\"https:\/\/oip.com.ar\/fr\/especialidades\/oftalmopatia-distiroidea\/\" class=\"grid-especialidad-link\">\n                                            <div class=\"grid-especialidad-thumb\">\n                            <img loading=\"lazy\" decoding=\"async\" width=\"600\" height=\"800\" src=\"https:\/\/oip.com.ar\/wp-content\/uploads\/2026\/03\/24.png\" class=\"attachment-large size-large wp-post-image\" alt=\"\" srcset=\"https:\/\/oip.com.ar\/wp-content\/uploads\/2026\/03\/24.png 600w, https:\/\/oip.com.ar\/wp-content\/uploads\/2026\/03\/24-480x640.png 480w\" sizes=\"auto, (min-width: 0px) and (max-width: 480px) 480px, (min-width: 481px) 600px, 100vw\" \/>                        <\/div>\n                    \n                    <div class=\"grid-especialidad-content\">\n                        <h3>Oftalmopat\u00eda Distiroidea<\/h3>\n                        <p>\n                            Es una enfermedad inflamatoria asociada a trastornos de la gl\u00e1ndula tiroides que afecta a los tejidos que rodean los ojos, como los                        <\/p>\n                        <span class=\"grid-especialidad-btn\">Ver especialidad<\/span>\n                    <\/div>\n                <\/a>\n            <\/article>\n                    <article class=\"grid-especialidad-card\">\n                <a href=\"https:\/\/oip.com.ar\/fr\/especialidades\/ojo-seco\/\" class=\"grid-especialidad-link\">\n                                            <div class=\"grid-especialidad-thumb\">\n                            <img loading=\"lazy\" decoding=\"async\" width=\"600\" height=\"800\" src=\"https:\/\/oip.com.ar\/wp-content\/uploads\/2026\/04\/47.png\" class=\"attachment-large size-large wp-post-image\" alt=\"\" srcset=\"https:\/\/oip.com.ar\/wp-content\/uploads\/2026\/04\/47.png 600w, https:\/\/oip.com.ar\/wp-content\/uploads\/2026\/04\/47-480x640.png 480w\" sizes=\"auto, (min-width: 0px) and (max-width: 480px) 480px, (min-width: 481px) 600px, 100vw\" \/>                        <\/div>\n                    \n                    <div class=\"grid-especialidad-content\">\n                        <h3>Ojo seco<\/h3>\n                        <p>\n                            El Ojo Seco es una afecci\u00f3n muy frecuente que aparece cuando las l\u00e1grimas naturales no son suficientes para lubricar los ojos de forma                        <\/p>\n                        <span class=\"grid-especialidad-btn\">Ver especialidad<\/span>\n                    <\/div>\n                <\/a>\n            <\/article>\n                    <article class=\"grid-especialidad-card\">\n                <a href=\"https:\/\/oip.com.ar\/fr\/especialidades\/tratamiento-de-maculopatia\/\" class=\"grid-especialidad-link\">\n                                            <div class=\"grid-especialidad-thumb\">\n                            <img loading=\"lazy\" decoding=\"async\" width=\"600\" height=\"800\" src=\"https:\/\/oip.com.ar\/wp-content\/uploads\/2026\/03\/31.png\" class=\"attachment-large size-large wp-post-image\" alt=\"\" srcset=\"https:\/\/oip.com.ar\/wp-content\/uploads\/2026\/03\/31.png 600w, https:\/\/oip.com.ar\/wp-content\/uploads\/2026\/03\/31-480x640.png 480w\" sizes=\"auto, (min-width: 0px) and (max-width: 480px) 480px, (min-width: 481px) 600px, 100vw\" \/>                        <\/div>\n                    \n                    <div class=\"grid-especialidad-content\">\n                        <h3>Tratamiento de maculopat\u00eda<\/h3>\n                        <p>\n                            La maculopat\u00eda es una enfermedad que afecta la visi\u00f3n central debido a alteraciones en la m\u00e1cula, la zona central de la retina responsable de                        <\/p>\n                        <span class=\"grid-especialidad-btn\">Ver especialidad<\/span>\n                    <\/div>\n                <\/a>\n            <\/article>\n                    <article class=\"grid-especialidad-card\">\n                <a href=\"https:\/\/oip.com.ar\/fr\/especialidades\/control-oftalmologico-de-rutina\/\" class=\"grid-especialidad-link\">\n                                            <div class=\"grid-especialidad-thumb\">\n                            <img loading=\"lazy\" decoding=\"async\" width=\"500\" height=\"600\" src=\"https:\/\/oip.com.ar\/wp-content\/uploads\/2026\/02\/2-1.jpg\" class=\"attachment-large size-large wp-post-image\" alt=\"\" srcset=\"https:\/\/oip.com.ar\/wp-content\/uploads\/2026\/02\/2-1.jpg 500w, https:\/\/oip.com.ar\/wp-content\/uploads\/2026\/02\/2-1-480x576.jpg 480w\" sizes=\"auto, (min-width: 0px) and (max-width: 480px) 480px, (min-width: 481px) 500px, 100vw\" \/>                        <\/div>\n                    \n                    <div class=\"grid-especialidad-content\">\n                        <h3>Control oftalmol\u00f3gico de rutina<\/h3>\n                        <p>\n                            El control oftalmol\u00f3gico de rutina es fundamental para mantener la salud ocular y detectar problemas visuales y oculares en etapas                        <\/p>\n                        <span class=\"grid-especialidad-btn\">Ver especialidad<\/span>\n                    <\/div>\n                <\/a>\n            <\/article>\n                    <article class=\"grid-especialidad-card\">\n                <a href=\"https:\/\/oip.com.ar\/fr\/especialidades\/cirugia-de-catarata-con-colocacion-de-lentes-intraoculares\/\" class=\"grid-especialidad-link\">\n                                            <div class=\"grid-especialidad-thumb\">\n                            <img loading=\"lazy\" decoding=\"async\" width=\"600\" height=\"800\" src=\"https:\/\/oip.com.ar\/wp-content\/uploads\/2026\/02\/11.jpg\" class=\"attachment-large size-large wp-post-image\" alt=\"\" srcset=\"https:\/\/oip.com.ar\/wp-content\/uploads\/2026\/02\/11.jpg 600w, https:\/\/oip.com.ar\/wp-content\/uploads\/2026\/02\/11-480x640.jpg 480w\" sizes=\"auto, (min-width: 0px) and (max-width: 480px) 480px, (min-width: 481px) 600px, 100vw\" \/>                        <\/div>\n                    \n                    <div class=\"grid-especialidad-content\">\n                        <h3>Cirug\u00eda de Catarata con colocaci\u00f3n de Lentes Intraoculares<\/h3>\n                        <p>\n                            Las cataratas se producen cuando el cristalino, la lente natural que se encuentra dentro del ojo, comienza a perder su transparencia evitando                        <\/p>\n                        <span class=\"grid-especialidad-btn\">Ver especialidad<\/span>\n                    <\/div>\n                <\/a>\n            <\/article>\n                    <article class=\"grid-especialidad-card\">\n                <a href=\"https:\/\/oip.com.ar\/fr\/especialidades\/yag-laser\/\" class=\"grid-especialidad-link\">\n                                            <div class=\"grid-especialidad-thumb\">\n                            <img loading=\"lazy\" decoding=\"async\" width=\"600\" height=\"800\" src=\"https:\/\/oip.com.ar\/wp-content\/uploads\/2026\/02\/10-1.jpg\" class=\"attachment-large size-large wp-post-image\" alt=\"\" srcset=\"https:\/\/oip.com.ar\/wp-content\/uploads\/2026\/02\/10-1.jpg 600w, https:\/\/oip.com.ar\/wp-content\/uploads\/2026\/02\/10-1-480x640.jpg 480w\" sizes=\"auto, (min-width: 0px) and (max-width: 480px) 480px, (min-width: 481px) 600px, 100vw\" \/>                        <\/div>\n                    \n                    <div class=\"grid-especialidad-content\">\n                        <h3>Yag Laser<\/h3>\n                        <p>\n                            Tras la cirug\u00eda de cataratas, al cabo de unos meses o a\u00f1os el paciente puede notar una p\u00e9rdida en su calidad de visi\u00f3n. Esto sucede porque                        <\/p>\n                        <span class=\"grid-especialidad-btn\">Ver especialidad<\/span>\n                    <\/div>\n                <\/a>\n            <\/article>\n                    <article class=\"grid-especialidad-card\">\n                <a href=\"https:\/\/oip.com.ar\/fr\/especialidades\/cirugia-de-presbicia-con-lentes-multifocales-rango-extendido-y-bifocales\/\" class=\"grid-especialidad-link\">\n                                            <div class=\"grid-especialidad-thumb\">\n                            <img loading=\"lazy\" decoding=\"async\" width=\"600\" height=\"800\" src=\"https:\/\/oip.com.ar\/wp-content\/uploads\/2026\/04\/34.jpg\" class=\"attachment-large size-large wp-post-image\" alt=\"\" srcset=\"https:\/\/oip.com.ar\/wp-content\/uploads\/2026\/04\/34.jpg 600w, https:\/\/oip.com.ar\/wp-content\/uploads\/2026\/04\/34-480x640.jpg 480w\" sizes=\"auto, (min-width: 0px) and (max-width: 480px) 480px, (min-width: 481px) 600px, 100vw\" \/>                        <\/div>\n                    \n                    <div class=\"grid-especialidad-content\">\n                        <h3>Cirug\u00eda de presbicia con lentes multifocales, rango extendido y bifocales<\/h3>\n                        <p>\n                            La cirug\u00eda de catarata con lentes multifocales es una opci\u00f3n para personas que desean reducir su dependencia de gafas despu\u00e9s de la                        <\/p>\n                        <span class=\"grid-especialidad-btn\">Ver especialidad<\/span>\n                    <\/div>\n                <\/a>\n            <\/article>\n                    <article class=\"grid-especialidad-card\">\n                <a href=\"https:\/\/oip.com.ar\/fr\/especialidades\/cirugia-refractiva-excimer-laser\/\" class=\"grid-especialidad-link\">\n                                            <div class=\"grid-especialidad-thumb\">\n                            <img loading=\"lazy\" decoding=\"async\" width=\"600\" height=\"800\" src=\"https:\/\/oip.com.ar\/wp-content\/uploads\/2026\/02\/13.jpg\" class=\"attachment-large size-large wp-post-image\" alt=\"\" srcset=\"https:\/\/oip.com.ar\/wp-content\/uploads\/2026\/02\/13.jpg 600w, https:\/\/oip.com.ar\/wp-content\/uploads\/2026\/02\/13-480x640.jpg 480w\" sizes=\"auto, (min-width: 0px) and (max-width: 480px) 480px, (min-width: 481px) 600px, 100vw\" \/>                        <\/div>\n                    \n                    <div class=\"grid-especialidad-content\">\n                        <h3>Cirug\u00eda Refractiva Excimer L\u00e1ser<\/h3>\n                        <p>\n                            La cirug\u00eda con Excimer L\u00e1ser se utiliza para la correcci\u00f3n de la miop\u00eda, astigmatismo y tambi\u00e9n puede aplicarse en casos de hipermetrop\u00eda.\u2063                        <\/p>\n                        <span class=\"grid-especialidad-btn\">Ver especialidad<\/span>\n                    <\/div>\n                <\/a>\n            <\/article>\n                    <article class=\"grid-especialidad-card\">\n                <a href=\"https:\/\/oip.com.ar\/fr\/especialidades\/cirugia-con-lentes-intraoculares-faquicas-icl\/\" class=\"grid-especialidad-link\">\n                                            <div class=\"grid-especialidad-thumb\">\n                            <img loading=\"lazy\" decoding=\"async\" width=\"600\" height=\"800\" src=\"https:\/\/oip.com.ar\/wp-content\/uploads\/2026\/02\/18.png\" class=\"attachment-large size-large wp-post-image\" alt=\"\" srcset=\"https:\/\/oip.com.ar\/wp-content\/uploads\/2026\/02\/18.png 600w, https:\/\/oip.com.ar\/wp-content\/uploads\/2026\/02\/18-480x640.png 480w\" sizes=\"auto, (min-width: 0px) and (max-width: 480px) 480px, (min-width: 481px) 600px, 100vw\" \/>                        <\/div>\n                    \n                    <div class=\"grid-especialidad-content\">\n                        <h3>Cirug\u00eda con Lentes Intraoculares F\u00e1quicas (ICL)<\/h3>\n                        <p>\n                            Sab\u00edas que se pueden operar la miop\u00eda, astigmatismo y la hipermetropia con \u201clentes de contacto\u201d intraoculares?                        <\/p>\n                        <span class=\"grid-especialidad-btn\">Ver especialidad<\/span>\n                    <\/div>\n                <\/a>\n            <\/article>\n            <\/div>\n    [\/et_pb_code][\/et_pb_column][\/et_pb_row][\/et_pb_section]<\/p>\n","protected":false},"excerpt":{"rendered":"<p>[et_pb_section fb_built=\u00bb1&#8243; _builder_version=\u00bb4.23.1&#8243; _module_preset=\u00bbdefault\u00bb hover_enabled=\u00bb0&#8243; global_colors_info=\u00bb{}\u00bb sticky_enabled=\u00bb0&#8243;][et_pb_row _builder_version=\u00bb4.23.1&#8243; _module_preset=\u00bbdefault\u00bb hover_enabled=\u00bb0&#8243; global_colors_info=\u00bb{}\u00bb width=\u00bb90%\u00bb max_width=\u00bb1200px\u00bb sticky_enabled=\u00bb0&#8243; custom_padding=\u00bb0px||0px||true|false\u00bb][et_pb_column type=\u00bb4_4&#8243; _builder_version=\u00bb4.23.1&#8243; _module_preset=\u00bbdefault\u00bb global_colors_info=\u00bb{}\u00bb][et_pb_code _builder_version=\u00bb4.23.1&#8243; _module_preset=\u00bbdefault\u00bb global_colors_info=\u00bb{}\u00bb][\/et_pb_code][\/et_pb_column][\/et_pb_row][\/et_pb_section]<\/p>\n","protected":false},"author":1,"featured_media":0,"parent":0,"menu_order":0,"comment_status":"closed","ping_status":"closed","template":"","meta":{"_et_pb_use_builder":"on","_et_pb_old_content":"<!-- wp:divi\/placeholder \/-->","_et_gb_content_width":"","_joinchat":[],"footnotes":""},"class_list":["post-428","page","type-page","status-publish","hentry"],"_links":{"self":[{"href":"https:\/\/oip.com.ar\/fr\/wp-json\/wp\/v2\/pages\/428","targetHints":{"allow":["GET"]}}],"collection":[{"href":"https:\/\/oip.com.ar\/fr\/wp-json\/wp\/v2\/pages"}],"about":[{"href":"https:\/\/oip.com.ar\/fr\/wp-json\/wp\/v2\/types\/page"}],"author":[{"embeddable":true,"href":"https:\/\/oip.com.ar\/fr\/wp-json\/wp\/v2\/users\/1"}],"replies":[{"embeddable":true,"href":"https:\/\/oip.com.ar\/fr\/wp-json\/wp\/v2\/comments?post=428"}],"version-history":[{"count":4,"href":"https:\/\/oip.com.ar\/fr\/wp-json\/wp\/v2\/pages\/428\/revisions"}],"predecessor-version":[{"id":509,"href":"https:\/\/oip.com.ar\/fr\/wp-json\/wp\/v2\/pages\/428\/revisions\/509"}],"wp:attachment":[{"href":"https:\/\/oip.com.ar\/fr\/wp-json\/wp\/v2\/media?parent=428"}],"curies":[{"name":"wp","href":"https:\/\/api.w.org\/{rel}","templated":true}]}}